{"id":107,"date":"2015-04-01T11:31:21","date_gmt":"2015-04-01T11:31:21","guid":{"rendered":"http:\/\/www.pc-paiha.at\/wordpress\/?page_id=107"},"modified":"2017-07-24T16:35:46","modified_gmt":"2017-07-24T14:35:46","slug":"willkommen-welcome-bienvenu-%d0%bf%d1%80%d0%b8%d0%b2%d0%b5%d1%82%d1%81%d1%82%d0%b2%d0%be%d0%b2%d0%b0%d1%82%d1%8c","status":"publish","type":"page","link":"http:\/\/www.pc-paiha.at\/wordpress\/willkommen-welcome-bienvenu-%d0%bf%d1%80%d0%b8%d0%b2%d0%b5%d1%82%d1%81%d1%82%d0%b2%d0%be%d0%b2%d0%b0%d1%82%d1%8c\/","title":{"rendered":"Blogs"},"content":{"rendered":"<p><span style=\"color: #5c95f7; font-size: 1.5em;\"><strong>willkommen &#8211; welcome &#8211; bienvenu &#8211; \u043f\u0440\u0438\u0432\u0435\u0442\u0441\u0442\u0432\u043e\u0432\u0430\u0442\u044c<\/strong><\/span><\/p>\n<p style=\"text-align: justify;\">\u00a0<\/p>\n<p style=\"text-align: justify;\"><span style=\"font-size: 20px;\">Hier kann jeder der sich <a title=\"zum registrieren hier klicken\" href=\"http:\/\/www.pc-paiha.at\/wordpress\/?page_id=920\">hier registriert<\/a>, <\/span><\/p>\n<p style=\"text-align: justify;\"><span style=\"font-size: 20px;\">Blogs schreiben, \u00fcber Themen die ihn bewegen.<\/span><\/p>\n<p style=\"text-align: justify;\"><span style=\"font-size: 20px;\">Es besteht auch die M\u00f6glichkeit, einen vorhandenen Blog zu kommentieren.<br \/>\n <\/span><\/p>\n<p style=\"text-align: justify;\"><span style=\"font-size: 20px;\">Voraussetzung f\u00fcr eine seri\u00f6se Bloggingkultur <\/span><\/p>\n<blockquote>\n<p>keine rassistische \u00c4usserungen, keine Pornografische Inhalte sowie keine Schimpftiraden.<\/p>\n<\/blockquote>\n<p>&nbsp;<\/p>\n<p style=\"text-align: justify;\"><span style=\"font-size: 20px;\">Die Blogs werden von einem Admin \u00fcberpr\u00fcft und gegebenenfalls gel\u00f6scht.<\/span><\/p>\n<p style=\"text-align: justify;\">\u00a0<\/p>\n<p style=\"text-align: justify;\">\u00a0<\/p>\n<p style=\"text-align: left;\"><span style=\"font-size: 20px; color: #a52a2a; background-color: #ffffff;\">Jeder kann sich mit Name, Nickname und echter Emailadesse registrieren. <\/span><\/p>\n<p style=\"text-align: left;\"><span style=\"font-size: 20px; color: #a52a2a; background-color: #ffffff;\">Nach Registrierung wird eine Email an die angegebene Emailadresse versandt, in der sich ein Link zur Best\u00e4tigung der Angaben befindet. <\/span><\/p>\n<p style=\"text-align: left;\"><span style=\"font-size: 20px; color: #a52a2a; background-color: #ffffff;\">Nach Best\u00e4tigung der Registrierung geht es schon los &#8211; viel Spass.<\/span><\/p>\n","protected":false},"excerpt":{"rendered":"<p>willkommen &#8211; welcome &#8211; bienvenu &#8211; \u043f\u0440\u0438\u0432\u0435\u0442\u0441\u0442\u0432\u043e\u0432\u0430\u0442\u044c \u00a0 Hier kann jeder der sich hier registriert, Blogs schreiben, \u00fcber Themen die ihn bewegen. Es besteht auch die M\u00f6glichkeit, einen vorhandenen Blog zu kommentieren. Voraussetzung f\u00fcr eine seri\u00f6se Bloggingkultur keine rassistische \u00c4usserungen, keine Pornografische Inhalte sowie keine Schimpftiraden. &nbsp; Die Blogs werden von einem Admin \u00fcberpr\u00fcft und gegebenenfalls gel\u00f6scht. \u00a0 \u00a0 Jeder [&#8230;]<\/p>\n","protected":false},"author":1,"featured_media":10,"parent":0,"menu_order":0,"comment_status":"closed","ping_status":"open","template":"","meta":{"_themeisle_gutenberg_block_has_review":false,"two_page_speed":[],"footnotes":""},"class_list":["post-107","page","type-page","status-publish","has-post-thumbnail","hentry"],"jetpack_sharing_enabled":true,"jetpack_shortlink":"https:\/\/wp.me\/P63xGg-1J","jetpack-related-posts":[{"id":1335,"url":"http:\/\/www.pc-paiha.at\/wordpress\/basteleien\/","url_meta":{"origin":107,"position":0},"title":"Basteleien","author":"christian paiha","date":"14. M\u00e4rz 2016","format":false,"excerpt":"Willkommen bei dem Blog BasteleienHier in diesem Blog, m\u00f6chte ich einige meiner Projekte vorstellen.Die ersten werden nur Beschreibungen der Projekte sein. Ich werde mich bem\u00fchen die neueren mit Schritt f\u00fcr Schritt Anleitungen samt Bilder\u00a0 zu gestalten.Hoffentlich ist das eine oder Andere eine Inspiration f\u00fcr eigene Projekte.Viel Spass damit.","rel":"","context":"\u00c4hnlicher Beitrag","block_context":{"text":"\u00c4hnlicher Beitrag","link":""},"img":{"alt_text":"","src":"","width":0,"height":0},"classes":[]},{"id":565,"url":"http:\/\/www.pc-paiha.at\/wordpress\/wandern\/","url_meta":{"origin":107,"position":1},"title":"Wandern","author":"christian paiha","date":"6. April 2015","format":false,"excerpt":"Wir sind nicht so die ehrgeizigen Gipfelst\u00fcrmer, um jeden Preis schnell hoch hinauf. F\u00fcr uns ist das Wandern eher eine gute M\u00f6glichkeit, sich in der Ruhe der Natur zu bewegen und die sch\u00f6ne, von Gott geschaffene Landschaft zu genie\u00dfen. Wir verbringen meist viel Zeit am Gipfel mit dem Betrachten der\u2026","rel":"","context":"\u00c4hnlicher Beitrag","block_context":{"text":"\u00c4hnlicher Beitrag","link":""},"img":{"alt_text":"","src":"https:\/\/i0.wp.com\/www.pc-paiha.at\/wordpress\/wp-content\/uploads\/2015\/04\/20062013_20130620_1288018971.jpg?resize=350%2C200","width":350,"height":200,"srcset":"https:\/\/i0.wp.com\/www.pc-paiha.at\/wordpress\/wp-content\/uploads\/2015\/04\/20062013_20130620_1288018971.jpg?resize=350%2C200 1x, https:\/\/i0.wp.com\/www.pc-paiha.at\/wordpress\/wp-content\/uploads\/2015\/04\/20062013_20130620_1288018971.jpg?resize=525%2C300 1.5x, https:\/\/i0.wp.com\/www.pc-paiha.at\/wordpress\/wp-content\/uploads\/2015\/04\/20062013_20130620_1288018971.jpg?resize=700%2C400 2x"},"classes":[]},{"id":2,"url":"http:\/\/www.pc-paiha.at\/wordpress\/beispiel-seite\/","url_meta":{"origin":107,"position":2},"title":"Beispiel-Seite","author":"wordpressadmin","date":"26. M\u00e4rz 2015","format":false,"excerpt":"Dies ist eine Beispiel-Seite. Sie unterscheidet sich von Beitr\u00e4gen, weil sie stets an der selben Stelle bleibt und (bei den meisten Themes) in der Navigationsleiste angezeigt wird. Die meisten Leute starten mit einer \"\u00dcber uns\"-Seite mit einer Vorstellung f\u00fcr m\u00f6gliche Besucher der Website. Dort k\u00f6nnte zum Beispiel stehen: Hallo! Tags\u00fcber\u2026","rel":"","context":"\u00c4hnlicher Beitrag","block_context":{"text":"\u00c4hnlicher Beitrag","link":""},"img":{"alt_text":"","src":"","width":0,"height":0},"classes":[]}],"jetpack_likes_enabled":true,"_links":{"self":[{"href":"http:\/\/www.pc-paiha.at\/wordpress\/wp-json\/wp\/v2\/pages\/107","targetHints":{"allow":["GET"]}}],"collection":[{"href":"http:\/\/www.pc-paiha.at\/wordpress\/wp-json\/wp\/v2\/pages"}],"about":[{"href":"http:\/\/www.pc-paiha.at\/wordpress\/wp-json\/wp\/v2\/types\/page"}],"author":[{"embeddable":true,"href":"http:\/\/www.pc-paiha.at\/wordpress\/wp-json\/wp\/v2\/users\/1"}],"replies":[{"embeddable":true,"href":"http:\/\/www.pc-paiha.at\/wordpress\/wp-json\/wp\/v2\/comments?post=107"}],"version-history":[{"count":36,"href":"http:\/\/www.pc-paiha.at\/wordpress\/wp-json\/wp\/v2\/pages\/107\/revisions"}],"predecessor-version":[{"id":1620,"href":"http:\/\/www.pc-paiha.at\/wordpress\/wp-json\/wp\/v2\/pages\/107\/revisions\/1620"}],"wp:featuredmedia":[{"embeddable":true,"href":"http:\/\/www.pc-paiha.at\/wordpress\/wp-json\/wp\/v2\/media\/10"}],"wp:attachment":[{"href":"http:\/\/www.pc-paiha.at\/wordpress\/wp-json\/wp\/v2\/media?parent=107"}],"curies":[{"name":"wp","href":"https:\/\/api.w.org\/{rel}","templated":true}]}}