{"id":1123,"date":"2015-08-05T21:55:12","date_gmt":"2015-08-05T19:55:12","guid":{"rendered":"http:\/\/www.pc-paiha.at\/wordpress\/?page_id=1123"},"modified":"2015-08-05T22:01:06","modified_gmt":"2015-08-05T20:01:06","slug":"links","status":"publish","type":"page","link":"http:\/\/www.pc-paiha.at\/wordpress\/links\/","title":{"rendered":"Links"},"content":{"rendered":"<p>Hier einige, wie wir meinen, interessante Adressen:<br \/>\n<\/p>\n<table style=\"width: 500px;\" border=\"0\" summary=\"interessante Links\" cellspacing=\"1\" cellpadding=\"1\">\n<thead>\n<tr>\n<th style=\"text-align: left;\" scope=\"col\"><\/th>\n<th style=\"color: #2f4f4f; text-align: left;\" scope=\"col\">Name<\/th>\n<th style=\"text-align: left; color: #2f4f4f;\" scope=\"col\">Link<\/th>\n<\/tr>\n<\/thead>\n<tbody>\n<tr>\n<td><\/td>\n<td>\u00d6sterreichischer Bergrettungsdienst<\/td>\n<td><a title=\"um zur Seite des \u00f6sterreichischen Bergrettungsdienst zu kommen hier klicken\" href=\"http:\/\/www.bergrettung.at\/H-O-M-E.2.0.html\" target=\"_blank\">http:\/\/www.bergrettung.at<\/a><\/td>\n<\/tr>\n<tr>\n<td><\/td>\n<td>Alpenverein \u00d6sterreich<\/td>\n<td><a title=\"um zur Seite des Alpenverein \u00d6sterreich zu kommen hier klicken\" href=\"http:\/\/www.alpenverein.com\" target=\"_blank\">http:\/\/www.alpenverein.com<\/a><\/td>\n<\/tr>\n<tr>\n<td><\/td>\n<td>Naturfreunde \u00d6sterreich<\/td>\n<td><a title=\"um zur Seite des \u00f6sterreichischen Naturfreunde zu kommen hier klicken\" href=\"http:\/\/www.naturfreunde.at\/\" target=\"_blank\">http:\/\/www.naturfreunde.at\/<\/a><\/td>\n<\/tr>\n<tr>\n<td><\/td>\n<td>Bergfex<\/td>\n<td><a title=\"um zur Seite des Bergfex zu kommen hier klicken\" href=\"http:\/\/www.bergfex.at\" target=\"_blank\">http:\/\/www.bergfex.at<\/a><\/td>\n<\/tr>\n<\/tbody>\n<\/table>\n<p>&nbsp;<br \/>\n&nbsp;<\/p>\n","protected":false},"excerpt":{"rendered":"<p>Hier einige, wie wir meinen, interessante Adressen: Name Link \u00d6sterreichischer Bergrettungsdienst http:\/\/www.bergrettung.at Alpenverein \u00d6sterreich http:\/\/www.alpenverein.com Naturfreunde \u00d6sterreich http:\/\/www.naturfreunde.at\/ Bergfex http:\/\/www.bergfex.at &nbsp; &nbsp;<\/p>\n","protected":false},"author":3,"featured_media":0,"parent":0,"menu_order":0,"comment_status":"open","ping_status":"closed","template":"","meta":{"_themeisle_gutenberg_block_has_review":false,"two_page_speed":[],"footnotes":""},"class_list":["post-1123","page","type-page","status-publish","hentry"],"jetpack_sharing_enabled":true,"jetpack_shortlink":"https:\/\/wp.me\/P63xGg-i7","jetpack-related-posts":[{"id":413,"url":"http:\/\/www.pc-paiha.at\/wordpress\/bildergallerie\/diverse\/","url_meta":{"origin":1123,"position":0},"title":"Diverse","author":"wordpressadmin","date":"4. April 2015","format":false,"excerpt":"\u00a0","rel":"","context":"\u00c4hnlicher Beitrag","block_context":{"text":"\u00c4hnlicher Beitrag","link":""},"img":{"alt_text":"go-previous","src":"https:\/\/i0.wp.com\/www.pc-paiha.at\/wordpress\/wp-content\/uploads\/2015\/04\/go-previous.png?resize=350%2C200","width":350,"height":200},"classes":[]},{"id":332,"url":"http:\/\/www.pc-paiha.at\/wordpress\/bildergallerie\/","url_meta":{"origin":1123,"position":1},"title":"Bilder","author":"christian paiha","date":"3. April 2015","format":false,"excerpt":"\u00a0","rel":"","context":"\u00c4hnlicher Beitrag","block_context":{"text":"\u00c4hnlicher Beitrag","link":""},"img":{"alt_text":"","src":"https:\/\/i0.wp.com\/www.pc-paiha.at\/wordpress\/wp-content\/uploads\/2015\/04\/102012_20130703_1552444764-150x150.jpg?resize=350%2C200","width":350,"height":200},"classes":[]},{"id":642,"url":"http:\/\/www.pc-paiha.at\/wordpress\/bildergallerie\/wandern\/planner-alm\/","url_meta":{"origin":1123,"position":2},"title":"Planner Alm","author":"wordpressadmin","date":"6. April 2015","format":false,"excerpt":"\u00a0","rel":"","context":"\u00c4hnlicher Beitrag","block_context":{"text":"\u00c4hnlicher Beitrag","link":""},"img":{"alt_text":"go-previous","src":"https:\/\/i0.wp.com\/www.pc-paiha.at\/wordpress\/wp-content\/uploads\/2015\/04\/go-previous.png?resize=350%2C200","width":350,"height":200},"classes":[]},{"id":328,"url":"http:\/\/www.pc-paiha.at\/wordpress\/bildergallerie\/country\/countryfeste-2\/","url_meta":{"origin":1123,"position":3},"title":"Countryfeste","author":"wordpressadmin","date":"2. April 2015","format":false,"excerpt":"","rel":"","context":"\u00c4hnlicher Beitrag","block_context":{"text":"\u00c4hnlicher Beitrag","link":""},"img":{"alt_text":"go-previous","src":"https:\/\/i0.wp.com\/www.pc-paiha.at\/wordpress\/wp-content\/uploads\/2015\/04\/go-previous.png?resize=350%2C200","width":350,"height":200},"classes":[]},{"id":107,"url":"http:\/\/www.pc-paiha.at\/wordpress\/willkommen-welcome-bienvenu-%d0%bf%d1%80%d0%b8%d0%b2%d0%b5%d1%82%d1%81%d1%82%d0%b2%d0%be%d0%b2%d0%b0%d1%82%d1%8c\/","url_meta":{"origin":1123,"position":4},"title":"Blogs","author":"wordpressadmin","date":"1. April 2015","format":false,"excerpt":"willkommen - welcome - bienvenu - \u043f\u0440\u0438\u0432\u0435\u0442\u0441\u0442\u0432\u043e\u0432\u0430\u0442\u044c \u00a0 Hier kann jeder der sich hier registriert, Blogs schreiben, \u00fcber Themen die ihn bewegen. Es besteht auch die M\u00f6glichkeit, einen vorhandenen Blog zu kommentieren. Voraussetzung f\u00fcr eine seri\u00f6se Bloggingkultur keine rassistische \u00c4usserungen, keine Pornografische Inhalte sowie keine Schimpftiraden. \u00a0 Die Blogs werden\u2026","rel":"","context":"\u00c4hnlicher Beitrag","block_context":{"text":"\u00c4hnlicher Beitrag","link":""},"img":{"alt_text":"Gria\u00df enk oi beinaunda","src":"https:\/\/i0.wp.com\/www.pc-paiha.at\/wordpress\/wp-content\/uploads\/2012\/04\/grimming_blue_1024_bearb.jpg?resize=350%2C200","width":350,"height":200,"srcset":"https:\/\/i0.wp.com\/www.pc-paiha.at\/wordpress\/wp-content\/uploads\/2012\/04\/grimming_blue_1024_bearb.jpg?resize=350%2C200 1x, https:\/\/i0.wp.com\/www.pc-paiha.at\/wordpress\/wp-content\/uploads\/2012\/04\/grimming_blue_1024_bearb.jpg?resize=525%2C300 1.5x, https:\/\/i0.wp.com\/www.pc-paiha.at\/wordpress\/wp-content\/uploads\/2012\/04\/grimming_blue_1024_bearb.jpg?resize=700%2C400 2x"},"classes":[]}],"jetpack_likes_enabled":true,"_links":{"self":[{"href":"http:\/\/www.pc-paiha.at\/wordpress\/wp-json\/wp\/v2\/pages\/1123","targetHints":{"allow":["GET"]}}],"collection":[{"href":"http:\/\/www.pc-paiha.at\/wordpress\/wp-json\/wp\/v2\/pages"}],"about":[{"href":"http:\/\/www.pc-paiha.at\/wordpress\/wp-json\/wp\/v2\/types\/page"}],"author":[{"embeddable":true,"href":"http:\/\/www.pc-paiha.at\/wordpress\/wp-json\/wp\/v2\/users\/3"}],"replies":[{"embeddable":true,"href":"http:\/\/www.pc-paiha.at\/wordpress\/wp-json\/wp\/v2\/comments?post=1123"}],"version-history":[{"count":8,"href":"http:\/\/www.pc-paiha.at\/wordpress\/wp-json\/wp\/v2\/pages\/1123\/revisions"}],"predecessor-version":[{"id":1129,"href":"http:\/\/www.pc-paiha.at\/wordpress\/wp-json\/wp\/v2\/pages\/1123\/revisions\/1129"}],"wp:attachment":[{"href":"http:\/\/www.pc-paiha.at\/wordpress\/wp-json\/wp\/v2\/media?parent=1123"}],"curies":[{"name":"wp","href":"https:\/\/api.w.org\/{rel}","templated":true}]}}