{"id":1335,"date":"2016-03-14T17:18:38","date_gmt":"2016-03-14T16:18:38","guid":{"rendered":"http:\/\/www.pc-paiha.at\/wordpress\/?page_id=1335"},"modified":"2016-03-14T17:18:38","modified_gmt":"2016-03-14T16:18:38","slug":"basteleien","status":"publish","type":"page","link":"http:\/\/www.pc-paiha.at\/wordpress\/basteleien\/","title":{"rendered":"Basteleien"},"content":{"rendered":"<h2><span style=\"color: #3366ff;\">Willkommen bei dem Blog Basteleien<\/span><\/h2>\n<p><span style=\"font-size: 16px;\">Hier in diesem Blog, m\u00f6chte ich einige meiner Projekte vorstellen.<\/span><\/p>\n<p>Die ersten werden nur Beschreibungen der Projekte sein. Ich werde mich bem\u00fchen die neueren mit Schritt f\u00fcr Schritt Anleitungen samt Bilder\u00a0 zu gestalten.<\/p>\n<p>Hoffentlich ist das eine oder Andere eine Inspiration f\u00fcr eigene Projekte.<\/p>\n<p>Viel Spass damit.<\/p>\n","protected":false},"excerpt":{"rendered":"<p>Willkommen bei dem Blog Basteleien Hier in diesem Blog, m\u00f6chte ich einige meiner Projekte vorstellen. Die ersten werden nur Beschreibungen der Projekte sein. Ich werde mich bem\u00fchen die neueren mit Schritt f\u00fcr Schritt Anleitungen samt Bilder\u00a0 zu gestalten. Hoffentlich ist das eine oder Andere eine Inspiration f\u00fcr eigene Projekte. Viel Spass damit.<\/p>\n","protected":false},"author":3,"featured_media":0,"parent":0,"menu_order":0,"comment_status":"closed","ping_status":"closed","template":"","meta":{"_themeisle_gutenberg_block_has_review":false,"two_page_speed":[],"footnotes":""},"class_list":["post-1335","page","type-page","status-publish","hentry"],"jetpack_sharing_enabled":true,"jetpack_shortlink":"https:\/\/wp.me\/P63xGg-lx","jetpack-related-posts":[{"id":415,"url":"http:\/\/www.pc-paiha.at\/wordpress\/bildergallerie\/basteleien\/","url_meta":{"origin":1335,"position":0},"title":"Basteleien","author":"wordpressadmin","date":"4. April 2015","format":false,"excerpt":"\u00a0","rel":"","context":"\u00c4hnlicher Beitrag","block_context":{"text":"\u00c4hnlicher Beitrag","link":""},"img":{"alt_text":"go-previous","src":"https:\/\/i0.wp.com\/www.pc-paiha.at\/wordpress\/wp-content\/uploads\/2015\/04\/go-previous.png?resize=350%2C200","width":350,"height":200},"classes":[]},{"id":332,"url":"http:\/\/www.pc-paiha.at\/wordpress\/bildergallerie\/","url_meta":{"origin":1335,"position":1},"title":"Bilder","author":"christian paiha","date":"3. April 2015","format":false,"excerpt":"\u00a0","rel":"","context":"\u00c4hnlicher Beitrag","block_context":{"text":"\u00c4hnlicher Beitrag","link":""},"img":{"alt_text":"","src":"https:\/\/i0.wp.com\/www.pc-paiha.at\/wordpress\/wp-content\/uploads\/2015\/04\/102012_20130703_1552444764-150x150.jpg?resize=350%2C200","width":350,"height":200},"classes":[]},{"id":107,"url":"http:\/\/www.pc-paiha.at\/wordpress\/willkommen-welcome-bienvenu-%d0%bf%d1%80%d0%b8%d0%b2%d0%b5%d1%82%d1%81%d1%82%d0%b2%d0%be%d0%b2%d0%b0%d1%82%d1%8c\/","url_meta":{"origin":1335,"position":2},"title":"Blogs","author":"wordpressadmin","date":"1. April 2015","format":false,"excerpt":"willkommen - welcome - bienvenu - \u043f\u0440\u0438\u0432\u0435\u0442\u0441\u0442\u0432\u043e\u0432\u0430\u0442\u044c \u00a0 Hier kann jeder der sich hier registriert, Blogs schreiben, \u00fcber Themen die ihn bewegen. Es besteht auch die M\u00f6glichkeit, einen vorhandenen Blog zu kommentieren. Voraussetzung f\u00fcr eine seri\u00f6se Bloggingkultur keine rassistische \u00c4usserungen, keine Pornografische Inhalte sowie keine Schimpftiraden. \u00a0 Die Blogs werden\u2026","rel":"","context":"\u00c4hnlicher Beitrag","block_context":{"text":"\u00c4hnlicher Beitrag","link":""},"img":{"alt_text":"Gria\u00df enk oi beinaunda","src":"https:\/\/i0.wp.com\/www.pc-paiha.at\/wordpress\/wp-content\/uploads\/2012\/04\/grimming_blue_1024_bearb.jpg?resize=350%2C200","width":350,"height":200,"srcset":"https:\/\/i0.wp.com\/www.pc-paiha.at\/wordpress\/wp-content\/uploads\/2012\/04\/grimming_blue_1024_bearb.jpg?resize=350%2C200 1x, https:\/\/i0.wp.com\/www.pc-paiha.at\/wordpress\/wp-content\/uploads\/2012\/04\/grimming_blue_1024_bearb.jpg?resize=525%2C300 1.5x, https:\/\/i0.wp.com\/www.pc-paiha.at\/wordpress\/wp-content\/uploads\/2012\/04\/grimming_blue_1024_bearb.jpg?resize=700%2C400 2x"},"classes":[]},{"id":2,"url":"http:\/\/www.pc-paiha.at\/wordpress\/beispiel-seite\/","url_meta":{"origin":1335,"position":3},"title":"Beispiel-Seite","author":"wordpressadmin","date":"26. M\u00e4rz 2015","format":false,"excerpt":"Dies ist eine Beispiel-Seite. Sie unterscheidet sich von Beitr\u00e4gen, weil sie stets an der selben Stelle bleibt und (bei den meisten Themes) in der Navigationsleiste angezeigt wird. Die meisten Leute starten mit einer \"\u00dcber uns\"-Seite mit einer Vorstellung f\u00fcr m\u00f6gliche Besucher der Website. Dort k\u00f6nnte zum Beispiel stehen: Hallo! Tags\u00fcber\u2026","rel":"","context":"\u00c4hnlicher Beitrag","block_context":{"text":"\u00c4hnlicher Beitrag","link":""},"img":{"alt_text":"","src":"","width":0,"height":0},"classes":[]},{"id":565,"url":"http:\/\/www.pc-paiha.at\/wordpress\/wandern\/","url_meta":{"origin":1335,"position":4},"title":"Wandern","author":"christian paiha","date":"6. April 2015","format":false,"excerpt":"Wir sind nicht so die ehrgeizigen Gipfelst\u00fcrmer, um jeden Preis schnell hoch hinauf. F\u00fcr uns ist das Wandern eher eine gute M\u00f6glichkeit, sich in der Ruhe der Natur zu bewegen und die sch\u00f6ne, von Gott geschaffene Landschaft zu genie\u00dfen. Wir verbringen meist viel Zeit am Gipfel mit dem Betrachten der\u2026","rel":"","context":"\u00c4hnlicher Beitrag","block_context":{"text":"\u00c4hnlicher Beitrag","link":""},"img":{"alt_text":"","src":"https:\/\/i0.wp.com\/www.pc-paiha.at\/wordpress\/wp-content\/uploads\/2015\/04\/20062013_20130620_1288018971.jpg?resize=350%2C200","width":350,"height":200,"srcset":"https:\/\/i0.wp.com\/www.pc-paiha.at\/wordpress\/wp-content\/uploads\/2015\/04\/20062013_20130620_1288018971.jpg?resize=350%2C200 1x, https:\/\/i0.wp.com\/www.pc-paiha.at\/wordpress\/wp-content\/uploads\/2015\/04\/20062013_20130620_1288018971.jpg?resize=525%2C300 1.5x, https:\/\/i0.wp.com\/www.pc-paiha.at\/wordpress\/wp-content\/uploads\/2015\/04\/20062013_20130620_1288018971.jpg?resize=700%2C400 2x"},"classes":[]},{"id":934,"url":"http:\/\/www.pc-paiha.at\/wordpress\/934-2\/","url_meta":{"origin":1335,"position":5},"title":"pc-paiha.at forgot password","author":"christian paiha","date":"25. Mai 2015","format":false,"excerpt":"Hallo, du hast dein Passwort f\u00fcr vergessen. Folge den Anweisungen:","rel":"","context":"\u00c4hnlicher Beitrag","block_context":{"text":"\u00c4hnlicher Beitrag","link":""},"img":{"alt_text":"Logo_neu_6","src":"https:\/\/i0.wp.com\/www.pc-paiha.at\/wordpress\/wp-content\/uploads\/2015\/05\/Logo_neu_6-300x65.png?resize=350%2C200","width":350,"height":200},"classes":[]}],"jetpack_likes_enabled":true,"_links":{"self":[{"href":"http:\/\/www.pc-paiha.at\/wordpress\/wp-json\/wp\/v2\/pages\/1335","targetHints":{"allow":["GET"]}}],"collection":[{"href":"http:\/\/www.pc-paiha.at\/wordpress\/wp-json\/wp\/v2\/pages"}],"about":[{"href":"http:\/\/www.pc-paiha.at\/wordpress\/wp-json\/wp\/v2\/types\/page"}],"author":[{"embeddable":true,"href":"http:\/\/www.pc-paiha.at\/wordpress\/wp-json\/wp\/v2\/users\/3"}],"replies":[{"embeddable":true,"href":"http:\/\/www.pc-paiha.at\/wordpress\/wp-json\/wp\/v2\/comments?post=1335"}],"version-history":[{"count":1,"href":"http:\/\/www.pc-paiha.at\/wordpress\/wp-json\/wp\/v2\/pages\/1335\/revisions"}],"predecessor-version":[{"id":1336,"href":"http:\/\/www.pc-paiha.at\/wordpress\/wp-json\/wp\/v2\/pages\/1335\/revisions\/1336"}],"wp:attachment":[{"href":"http:\/\/www.pc-paiha.at\/wordpress\/wp-json\/wp\/v2\/media?parent=1335"}],"curies":[{"name":"wp","href":"https:\/\/api.w.org\/{rel}","templated":true}]}}