{"id":409,"date":"2015-04-04T13:16:33","date_gmt":"2015-04-04T13:16:33","guid":{"rendered":"http:\/\/www.pc-paiha.at\/wordpress\/?page_id=409"},"modified":"2015-04-09T16:10:15","modified_gmt":"2015-04-09T16:10:15","slug":"oldstyle-coutry","status":"publish","type":"page","link":"http:\/\/www.pc-paiha.at\/wordpress\/bildergallerie\/country\/oldstyle-coutry\/","title":{"rendered":"Oldstyle Coutry"},"content":{"rendered":"<p><a href=\"http:\/\/www.pc-paiha.at\/wordpress\/?page_id=393\"><img loading=\"lazy\" decoding=\"async\" class=\"alignnone wp-image-452 size-full\" title=\"zur\u00fcck\" src=\"http:\/\/www.pc-paiha.at\/wordpress\/wp-content\/uploads\/2015\/04\/go-previous.png\" alt=\"go-previous\" width=\"32\" height=\"32\" \/><\/a><\/p>\n<div id=\"attachment_447\" style=\"width: 160px\" class=\"wp-caption alignleft\"><a title=\"Modeschau Freistadt 14.08.2011\" href=\"http:\/\/www.pc-paiha.at\/wordpress\/?p=496\"><img loading=\"lazy\" decoding=\"async\" aria-describedby=\"caption-attachment-447\" class=\"wp-image-447 size-thumbnail\" src=\"http:\/\/www.pc-paiha.at\/wordpress\/wp-content\/uploads\/2015\/04\/\u00a9DSC_0086-150x150.jpg\" alt=\"\u00a9DSC_0086\" width=\"150\" height=\"150\" srcset=\"http:\/\/www.pc-paiha.at\/wordpress\/wp-content\/uploads\/2015\/04\/\u00a9DSC_0086-150x150.jpg 150w, http:\/\/www.pc-paiha.at\/wordpress\/wp-content\/uploads\/2015\/04\/\u00a9DSC_0086-200x200.jpg 200w\" sizes=\"auto, (max-width: 150px) 100vw, 150px\" \/><\/a><p id=\"caption-attachment-447\" class=\"wp-caption-text\"><span style=\"color: #6998e8; font-size: 1.2em;\">Modeschau Freistadt 2011<\/span><\/p><\/div>\n<div id=\"attachment_500\" style=\"width: 160px\" class=\"wp-caption alignleft\"><a title=\"Christian und Sonja Oldstyle\" href=\"http:\/\/www.pc-paiha.at\/wordpress\/?p=498\"><img loading=\"lazy\" decoding=\"async\" aria-describedby=\"caption-attachment-500\" class=\"wp-image-500 size-thumbnail\" src=\"http:\/\/www.pc-paiha.at\/wordpress\/wp-content\/uploads\/2015\/04\/oldstyl_countr_5_20120604_1491919907-150x150.jpg\" alt=\"oldstyl_countr_5_20120604_1491919907\" width=\"150\" height=\"150\" srcset=\"http:\/\/www.pc-paiha.at\/wordpress\/wp-content\/uploads\/2015\/04\/oldstyl_countr_5_20120604_1491919907-150x150.jpg 150w, http:\/\/www.pc-paiha.at\/wordpress\/wp-content\/uploads\/2015\/04\/oldstyl_countr_5_20120604_1491919907-200x200.jpg 200w\" sizes=\"auto, (max-width: 150px) 100vw, 150px\" \/><\/a><p id=\"caption-attachment-500\" class=\"wp-caption-text\"><span style=\"color: #6998e8; font-size: 1.2em;\">Wir in Oldstyle<\/span><\/p><\/div>\n<p>&nbsp;<\/p>\n","protected":false},"excerpt":{"rendered":"<p>&nbsp;<\/p>\n","protected":false},"author":1,"featured_media":0,"parent":393,"menu_order":0,"comment_status":"open","ping_status":"open","template":"","meta":{"_themeisle_gutenberg_block_has_review":false,"two_page_speed":[],"footnotes":""},"class_list":["post-409","page","type-page","status-publish","hentry"],"jetpack_sharing_enabled":true,"jetpack_shortlink":"https:\/\/wp.me\/P63xGg-6B","jetpack-related-posts":[{"id":1351,"url":"http:\/\/www.pc-paiha.at\/wordpress\/home\/","url_meta":{"origin":409,"position":0},"title":"Home","author":"christian paiha","date":"16. M\u00e4rz 2016","format":false,"excerpt":"","rel":"","context":"\u00c4hnlicher Beitrag","block_context":{"text":"\u00c4hnlicher Beitrag","link":""},"img":{"alt_text":"","src":"","width":0,"height":0},"classes":[]}],"jetpack_likes_enabled":true,"_links":{"self":[{"href":"http:\/\/www.pc-paiha.at\/wordpress\/wp-json\/wp\/v2\/pages\/409","targetHints":{"allow":["GET"]}}],"collection":[{"href":"http:\/\/www.pc-paiha.at\/wordpress\/wp-json\/wp\/v2\/pages"}],"about":[{"href":"http:\/\/www.pc-paiha.at\/wordpress\/wp-json\/wp\/v2\/types\/page"}],"author":[{"embeddable":true,"href":"http:\/\/www.pc-paiha.at\/wordpress\/wp-json\/wp\/v2\/users\/1"}],"replies":[{"embeddable":true,"href":"http:\/\/www.pc-paiha.at\/wordpress\/wp-json\/wp\/v2\/comments?post=409"}],"version-history":[{"count":6,"href":"http:\/\/www.pc-paiha.at\/wordpress\/wp-json\/wp\/v2\/pages\/409\/revisions"}],"predecessor-version":[{"id":601,"href":"http:\/\/www.pc-paiha.at\/wordpress\/wp-json\/wp\/v2\/pages\/409\/revisions\/601"}],"up":[{"embeddable":true,"href":"http:\/\/www.pc-paiha.at\/wordpress\/wp-json\/wp\/v2\/pages\/393"}],"wp:attachment":[{"href":"http:\/\/www.pc-paiha.at\/wordpress\/wp-json\/wp\/v2\/media?parent=409"}],"curies":[{"name":"wp","href":"https:\/\/api.w.org\/{rel}","templated":true}]}}