{"id":413,"date":"2015-04-04T13:19:08","date_gmt":"2015-04-04T13:19:08","guid":{"rendered":"http:\/\/www.pc-paiha.at\/wordpress\/?page_id=413"},"modified":"2015-04-09T16:10:56","modified_gmt":"2015-04-09T16:10:56","slug":"diverse","status":"publish","type":"page","link":"http:\/\/www.pc-paiha.at\/wordpress\/bildergallerie\/diverse\/","title":{"rendered":"Diverse"},"content":{"rendered":"<p><a href=\"http:\/\/www.pc-paiha.at\/wordpress\/?page_id=332\"><img loading=\"lazy\" decoding=\"async\" class=\"alignnone wp-image-452 size-full\" title=\"zur\u00fcck\" src=\"http:\/\/www.pc-paiha.at\/wordpress\/wp-content\/uploads\/2015\/04\/go-previous.png\" alt=\"go-previous\" width=\"32\" height=\"32\" \/><\/a><\/p>\n<div id=\"attachment_430\" style=\"width: 160px\" class=\"wp-caption alignleft\"><a title=\"Ostern 2011\" href=\"http:\/\/www.pc-paiha.at\/wordpress\/?p=428\"><img loading=\"lazy\" decoding=\"async\" aria-describedby=\"caption-attachment-430\" class=\"wp-image-430 size-thumbnail\" src=\"http:\/\/www.pc-paiha.at\/wordpress\/wp-content\/uploads\/2015\/04\/ostern_2011_20120624_1312872594-150x150.jpg\" alt=\"ostern_2011_20120624_1312872594\" width=\"150\" height=\"150\" srcset=\"http:\/\/www.pc-paiha.at\/wordpress\/wp-content\/uploads\/2015\/04\/ostern_2011_20120624_1312872594-150x150.jpg 150w, http:\/\/www.pc-paiha.at\/wordpress\/wp-content\/uploads\/2015\/04\/ostern_2011_20120624_1312872594-200x200.jpg 200w\" sizes=\"auto, (max-width: 150px) 100vw, 150px\" \/><\/a><p id=\"caption-attachment-430\" class=\"wp-caption-text\"><span style=\"color: #6998e8;\">Ostern 2011<\/span><\/p><\/div>\n<p>&nbsp;<\/p>\n","protected":false},"excerpt":{"rendered":"<p>&nbsp;<\/p>\n","protected":false},"author":1,"featured_media":0,"parent":332,"menu_order":0,"comment_status":"open","ping_status":"open","template":"","meta":{"_themeisle_gutenberg_block_has_review":false,"two_page_speed":[],"footnotes":""},"class_list":["post-413","page","type-page","status-publish","hentry"],"jetpack_sharing_enabled":true,"jetpack_shortlink":"https:\/\/wp.me\/P63xGg-6F","jetpack-related-posts":[{"id":332,"url":"http:\/\/www.pc-paiha.at\/wordpress\/bildergallerie\/","url_meta":{"origin":413,"position":0},"title":"Bilder","author":"christian paiha","date":"3. April 2015","format":false,"excerpt":"\u00a0","rel":"","context":"\u00c4hnlicher Beitrag","block_context":{"text":"\u00c4hnlicher Beitrag","link":""},"img":{"alt_text":"","src":"https:\/\/i0.wp.com\/www.pc-paiha.at\/wordpress\/wp-content\/uploads\/2015\/04\/102012_20130703_1552444764-150x150.jpg?resize=350%2C200","width":350,"height":200},"classes":[]},{"id":1123,"url":"http:\/\/www.pc-paiha.at\/wordpress\/links\/","url_meta":{"origin":413,"position":1},"title":"Links","author":"christian paiha","date":"5. August 2015","format":false,"excerpt":"Hier einige, wie wir meinen, interessante Adressen: Name Link \u00d6sterreichischer Bergrettungsdienst http:\/\/www.bergrettung.at Alpenverein \u00d6sterreich http:\/\/www.alpenverein.com Naturfreunde \u00d6sterreich http:\/\/www.naturfreunde.at\/ Bergfex http:\/\/www.bergfex.at \u00a0 \u00a0","rel":"","context":"\u00c4hnlicher Beitrag","block_context":{"text":"\u00c4hnlicher Beitrag","link":""},"img":{"alt_text":"","src":"","width":0,"height":0},"classes":[]},{"id":409,"url":"http:\/\/www.pc-paiha.at\/wordpress\/bildergallerie\/country\/oldstyle-coutry\/","url_meta":{"origin":413,"position":2},"title":"Oldstyle Coutry","author":"wordpressadmin","date":"4. April 2015","format":false,"excerpt":"\u00a0","rel":"","context":"\u00c4hnlicher Beitrag","block_context":{"text":"\u00c4hnlicher Beitrag","link":""},"img":{"alt_text":"go-previous","src":"https:\/\/i0.wp.com\/www.pc-paiha.at\/wordpress\/wp-content\/uploads\/2015\/04\/go-previous.png?resize=350%2C200","width":350,"height":200},"classes":[]},{"id":1351,"url":"http:\/\/www.pc-paiha.at\/wordpress\/home\/","url_meta":{"origin":413,"position":3},"title":"Home","author":"christian paiha","date":"16. M\u00e4rz 2016","format":false,"excerpt":"","rel":"","context":"\u00c4hnlicher Beitrag","block_context":{"text":"\u00c4hnlicher Beitrag","link":""},"img":{"alt_text":"","src":"","width":0,"height":0},"classes":[]},{"id":642,"url":"http:\/\/www.pc-paiha.at\/wordpress\/bildergallerie\/wandern\/planner-alm\/","url_meta":{"origin":413,"position":4},"title":"Planner Alm","author":"wordpressadmin","date":"6. April 2015","format":false,"excerpt":"\u00a0","rel":"","context":"\u00c4hnlicher Beitrag","block_context":{"text":"\u00c4hnlicher Beitrag","link":""},"img":{"alt_text":"go-previous","src":"https:\/\/i0.wp.com\/www.pc-paiha.at\/wordpress\/wp-content\/uploads\/2015\/04\/go-previous.png?resize=350%2C200","width":350,"height":200},"classes":[]}],"jetpack_likes_enabled":true,"_links":{"self":[{"href":"http:\/\/www.pc-paiha.at\/wordpress\/wp-json\/wp\/v2\/pages\/413","targetHints":{"allow":["GET"]}}],"collection":[{"href":"http:\/\/www.pc-paiha.at\/wordpress\/wp-json\/wp\/v2\/pages"}],"about":[{"href":"http:\/\/www.pc-paiha.at\/wordpress\/wp-json\/wp\/v2\/types\/page"}],"author":[{"embeddable":true,"href":"http:\/\/www.pc-paiha.at\/wordpress\/wp-json\/wp\/v2\/users\/1"}],"replies":[{"embeddable":true,"href":"http:\/\/www.pc-paiha.at\/wordpress\/wp-json\/wp\/v2\/comments?post=413"}],"version-history":[{"count":6,"href":"http:\/\/www.pc-paiha.at\/wordpress\/wp-json\/wp\/v2\/pages\/413\/revisions"}],"predecessor-version":[{"id":603,"href":"http:\/\/www.pc-paiha.at\/wordpress\/wp-json\/wp\/v2\/pages\/413\/revisions\/603"}],"up":[{"embeddable":true,"href":"http:\/\/www.pc-paiha.at\/wordpress\/wp-json\/wp\/v2\/pages\/332"}],"wp:attachment":[{"href":"http:\/\/www.pc-paiha.at\/wordpress\/wp-json\/wp\/v2\/media?parent=413"}],"curies":[{"name":"wp","href":"https:\/\/api.w.org\/{rel}","templated":true}]}}