{"id":415,"date":"2015-04-04T13:19:46","date_gmt":"2015-04-04T13:19:46","guid":{"rendered":"http:\/\/www.pc-paiha.at\/wordpress\/?page_id=415"},"modified":"2016-03-14T17:09:46","modified_gmt":"2016-03-14T16:09:46","slug":"basteleien","status":"publish","type":"page","link":"http:\/\/www.pc-paiha.at\/wordpress\/bildergallerie\/basteleien\/","title":{"rendered":"Basteleien"},"content":{"rendered":"<p><a href=\"http:\/\/www.pc-paiha.at\/wordpress\/?page_id=332\"><img loading=\"lazy\" decoding=\"async\" class=\"alignnone wp-image-452 size-full\" title=\"zur\u00fcck\" src=\"http:\/\/www.pc-paiha.at\/wordpress\/wp-content\/uploads\/2015\/04\/go-previous.png\" alt=\"go-previous\" width=\"32\" height=\"32\" \/><\/a><\/p>\n<p><div id=\"attachment_439\" style=\"width: 160px\" class=\"wp-caption alignleft\"><a title=\"Katzenklokasterl\" href=\"http:\/\/www.pc-paiha.at\/wordpress\/?flagallery=basteleien\/katzenklo-kasterl\"><img loading=\"lazy\" decoding=\"async\" aria-describedby=\"caption-attachment-439\" class=\"wp-image-439 size-thumbnail\" title=\"zu den Bildern hier klicken\" src=\"http:\/\/www.pc-paiha.at\/wordpress\/wp-content\/uploads\/2015\/04\/luxusklo_20130603_2072590616-150x150.jpg\" alt=\"luxusklo_20130603_2072590616\" width=\"150\" height=\"150\" srcset=\"http:\/\/www.pc-paiha.at\/wordpress\/wp-content\/uploads\/2015\/04\/luxusklo_20130603_2072590616-150x150.jpg 150w, http:\/\/www.pc-paiha.at\/wordpress\/wp-content\/uploads\/2015\/04\/luxusklo_20130603_2072590616-200x200.jpg 200w\" sizes=\"auto, (max-width: 150px) 100vw, 150px\" \/><\/a><p id=\"caption-attachment-439\" class=\"wp-caption-text\"><span style=\"color: #6998e8; font-size: 1.2em;\">Katzenklokasterl<\/span><\/p><\/div> <div id=\"attachment_1327\" style=\"width: 160px\" class=\"wp-caption alignleft\"><a href=\"http:\/\/www.pc-paiha.at\/wordpress\/?flagallery=basteleien\/wintergarten\"><img loading=\"lazy\" decoding=\"async\" aria-describedby=\"caption-attachment-1327\" class=\"wp-image-1327 size-thumbnail\" title=\"zu den Bildern hier klicken\" src=\"http:\/\/www.pc-paiha.at\/wordpress\/wp-content\/uploads\/2016\/03\/thumb_IMG_0620_1024-150x150.jpg\" alt=\"thumb_IMG_0620_1024\" width=\"150\" height=\"150\" srcset=\"http:\/\/www.pc-paiha.at\/wordpress\/wp-content\/uploads\/2016\/03\/thumb_IMG_0620_1024-150x150.jpg 150w, http:\/\/www.pc-paiha.at\/wordpress\/wp-content\/uploads\/2016\/03\/thumb_IMG_0620_1024-300x300.jpg 300w, http:\/\/www.pc-paiha.at\/wordpress\/wp-content\/uploads\/2016\/03\/thumb_IMG_0620_1024-768x768.jpg 768w, http:\/\/www.pc-paiha.at\/wordpress\/wp-content\/uploads\/2016\/03\/thumb_IMG_0620_1024.jpg 1024w\" sizes=\"auto, (max-width: 150px) 100vw, 150px\" \/><\/a><p id=\"caption-attachment-1327\" class=\"wp-caption-text\"><span style=\"color: #6998e8; font-size: 1.2em;\">Wintergarten<\/span><\/p><\/div><\/p>\n<p>&nbsp;<\/p>\n","protected":false},"excerpt":{"rendered":"<p>&nbsp;<\/p>\n","protected":false},"author":1,"featured_media":0,"parent":332,"menu_order":0,"comment_status":"open","ping_status":"open","template":"","meta":{"_themeisle_gutenberg_block_has_review":false,"two_page_speed":[],"footnotes":""},"class_list":["post-415","page","type-page","status-publish","hentry"],"jetpack_sharing_enabled":true,"jetpack_shortlink":"https:\/\/wp.me\/P63xGg-6H","jetpack-related-posts":[{"id":1351,"url":"http:\/\/www.pc-paiha.at\/wordpress\/home\/","url_meta":{"origin":415,"position":0},"title":"Home","author":"christian paiha","date":"16. M\u00e4rz 2016","format":false,"excerpt":"","rel":"","context":"\u00c4hnlicher Beitrag","block_context":{"text":"\u00c4hnlicher Beitrag","link":""},"img":{"alt_text":"","src":"","width":0,"height":0},"classes":[]}],"jetpack_likes_enabled":true,"_links":{"self":[{"href":"http:\/\/www.pc-paiha.at\/wordpress\/wp-json\/wp\/v2\/pages\/415","targetHints":{"allow":["GET"]}}],"collection":[{"href":"http:\/\/www.pc-paiha.at\/wordpress\/wp-json\/wp\/v2\/pages"}],"about":[{"href":"http:\/\/www.pc-paiha.at\/wordpress\/wp-json\/wp\/v2\/types\/page"}],"author":[{"embeddable":true,"href":"http:\/\/www.pc-paiha.at\/wordpress\/wp-json\/wp\/v2\/users\/1"}],"replies":[{"embeddable":true,"href":"http:\/\/www.pc-paiha.at\/wordpress\/wp-json\/wp\/v2\/comments?post=415"}],"version-history":[{"count":10,"href":"http:\/\/www.pc-paiha.at\/wordpress\/wp-json\/wp\/v2\/pages\/415\/revisions"}],"predecessor-version":[{"id":1334,"href":"http:\/\/www.pc-paiha.at\/wordpress\/wp-json\/wp\/v2\/pages\/415\/revisions\/1334"}],"up":[{"embeddable":true,"href":"http:\/\/www.pc-paiha.at\/wordpress\/wp-json\/wp\/v2\/pages\/332"}],"wp:attachment":[{"href":"http:\/\/www.pc-paiha.at\/wordpress\/wp-json\/wp\/v2\/media?parent=415"}],"curies":[{"name":"wp","href":"https:\/\/api.w.org\/{rel}","templated":true}]}}