{"id":417,"date":"2015-04-04T13:20:39","date_gmt":"2015-04-04T13:20:39","guid":{"rendered":"http:\/\/www.pc-paiha.at\/wordpress\/?page_id=417"},"modified":"2015-04-09T16:11:14","modified_gmt":"2015-04-09T16:11:14","slug":"mountainbiken","status":"publish","type":"page","link":"http:\/\/www.pc-paiha.at\/wordpress\/bildergallerie\/mountainbiken\/","title":{"rendered":"Mountainbiken"},"content":{"rendered":"<p><a href=\"http:\/\/www.pc-paiha.at\/wordpress\/?page_id=332\"><img loading=\"lazy\" decoding=\"async\" class=\"alignnone wp-image-452 size-full\" title=\"zur\u00fcck\" src=\"http:\/\/www.pc-paiha.at\/wordpress\/wp-content\/uploads\/2015\/04\/go-previous.png\" alt=\"go-previous\" width=\"32\" height=\"32\" \/><\/a><\/p>\n<div id=\"attachment_424\" style=\"width: 160px\" class=\"wp-caption alignleft\"><a title=\"Biketour 19.08.2012\" href=\"http:\/\/www.pc-paiha.at\/wordpress\/?p=420\"><img loading=\"lazy\" decoding=\"async\" aria-describedby=\"caption-attachment-424\" class=\"wp-image-424 size-thumbnail\" src=\"http:\/\/www.pc-paiha.at\/wordpress\/wp-content\/uploads\/2015\/04\/biketour_19082012_7_20120821_1130322004-150x150.jpg\" alt=\"biketour_19082012_7_20120821_1130322004\" width=\"150\" height=\"150\" srcset=\"http:\/\/www.pc-paiha.at\/wordpress\/wp-content\/uploads\/2015\/04\/biketour_19082012_7_20120821_1130322004-150x150.jpg 150w, http:\/\/www.pc-paiha.at\/wordpress\/wp-content\/uploads\/2015\/04\/biketour_19082012_7_20120821_1130322004-200x200.jpg 200w\" sizes=\"auto, (max-width: 150px) 100vw, 150px\" \/><\/a><p id=\"caption-attachment-424\" class=\"wp-caption-text\"><span style=\"color: #6998e8;\">Biketour 19.08.2012<\/span><\/p><\/div>\n<div id=\"attachment_426\" style=\"width: 160px\" class=\"wp-caption alignleft\"><a title=\"Bad Mitterndorf Umgebung 01.05.2012\" href=\"http:\/\/www.pc-paiha.at\/wordpress\/?p=422\"><img loading=\"lazy\" decoding=\"async\" aria-describedby=\"caption-attachment-426\" class=\"wp-image-426 size-thumbnail\" src=\"http:\/\/www.pc-paiha.at\/wordpress\/wp-content\/uploads\/2015\/04\/mitterndorf_umgebung_3_20120619_1380201763-150x101.jpg\" alt=\"mitterndorf_umgebung_3_20120619_1380201763\" width=\"150\" height=\"101\" \/><\/a><p id=\"caption-attachment-426\" class=\"wp-caption-text\"><span style=\"color: #6998e8;\">Bad Mitterndorf 02.05.2012<\/span><\/p><\/div>\n<p>&nbsp;<\/p>\n","protected":false},"excerpt":{"rendered":"<p>&nbsp;<\/p>\n","protected":false},"author":1,"featured_media":0,"parent":332,"menu_order":0,"comment_status":"open","ping_status":"open","template":"","meta":{"_themeisle_gutenberg_block_has_review":false,"two_page_speed":[],"footnotes":""},"class_list":["post-417","page","type-page","status-publish","hentry"],"jetpack_sharing_enabled":true,"jetpack_shortlink":"https:\/\/wp.me\/P63xGg-6J","jetpack-related-posts":[{"id":1351,"url":"http:\/\/www.pc-paiha.at\/wordpress\/home\/","url_meta":{"origin":417,"position":0},"title":"Home","author":"christian paiha","date":"16. M\u00e4rz 2016","format":false,"excerpt":"","rel":"","context":"\u00c4hnlicher Beitrag","block_context":{"text":"\u00c4hnlicher Beitrag","link":""},"img":{"alt_text":"","src":"","width":0,"height":0},"classes":[]}],"jetpack_likes_enabled":true,"_links":{"self":[{"href":"http:\/\/www.pc-paiha.at\/wordpress\/wp-json\/wp\/v2\/pages\/417","targetHints":{"allow":["GET"]}}],"collection":[{"href":"http:\/\/www.pc-paiha.at\/wordpress\/wp-json\/wp\/v2\/pages"}],"about":[{"href":"http:\/\/www.pc-paiha.at\/wordpress\/wp-json\/wp\/v2\/types\/page"}],"author":[{"embeddable":true,"href":"http:\/\/www.pc-paiha.at\/wordpress\/wp-json\/wp\/v2\/users\/1"}],"replies":[{"embeddable":true,"href":"http:\/\/www.pc-paiha.at\/wordpress\/wp-json\/wp\/v2\/comments?post=417"}],"version-history":[{"count":6,"href":"http:\/\/www.pc-paiha.at\/wordpress\/wp-json\/wp\/v2\/pages\/417\/revisions"}],"predecessor-version":[{"id":604,"href":"http:\/\/www.pc-paiha.at\/wordpress\/wp-json\/wp\/v2\/pages\/417\/revisions\/604"}],"up":[{"embeddable":true,"href":"http:\/\/www.pc-paiha.at\/wordpress\/wp-json\/wp\/v2\/pages\/332"}],"wp:attachment":[{"href":"http:\/\/www.pc-paiha.at\/wordpress\/wp-json\/wp\/v2\/media?parent=417"}],"curies":[{"name":"wp","href":"https:\/\/api.w.org\/{rel}","templated":true}]}}