{"id":565,"date":"2015-04-06T08:14:13","date_gmt":"2015-04-06T06:14:13","guid":{"rendered":"http:\/\/www.pc-paiha.at\/wordpress\/?page_id=565"},"modified":"2015-07-31T23:43:05","modified_gmt":"2015-07-31T21:43:05","slug":"wandern","status":"publish","type":"page","link":"http:\/\/www.pc-paiha.at\/wordpress\/wandern\/","title":{"rendered":"Wandern"},"content":{"rendered":"<p>Wir sind nicht so die ehrgeizigen Gipfelst\u00fcrmer, um jeden Preis schnell hoch hinauf. F\u00fcr uns ist das Wandern eher eine gute M\u00f6glichkeit, sich in der Ruhe der Natur zu bewegen und die sch\u00f6ne, von Gott geschaffene Landschaft zu genie\u00dfen. Wir verbringen meist viel Zeit am Gipfel mit dem Betrachten der Bergwelt. Ausserdem ist das Gehen eher therapeutischer Natur und man kann w\u00e4hrend dessen seine Gedanken ordnen und Probleml\u00f6sungen finden.<\/p>\n<p>Also genug geredet, geniesst unsere Blogs, vielleicht konnten wir eine Anregung geben, die eine oder andere Tour auch zu machen,<\/p>\n<p>Berg Heil<\/p>\n<p>Blogliste der Kategorie:\u00a0 <code><strong><a href=\"http:\/\/www.pc-paiha.at\/wordpress\/category\/wandern\/\">Wandern<\/a><\/strong><ul class=\"lcp_catlist\" id=\"lcp_instance_0\"><li><a href=\"http:\/\/www.pc-paiha.at\/wordpress\/wandern\/2016\/07\/27\/besuch-der-krimmler-wasserfaelle\/1427\/\" class=\"lcp_title\">Besuch der Krimmler Wasserf\u00e4lle<\/a><\/li><li><a href=\"http:\/\/www.pc-paiha.at\/wordpress\/wandern\/2016\/07\/27\/besuch-in-der-lichtensteinklamm\/1426\/\" class=\"lcp_title\">Besuch in der Lichtensteinklamm<\/a><\/li><li><a href=\"http:\/\/www.pc-paiha.at\/wordpress\/wandern\/2016\/07\/24\/kurzentschlossener-tripp-am-grimming\/1418\/\" class=\"lcp_title\">Kurzentschlossener Tripp am Grimming<\/a><\/li><li><a href=\"http:\/\/www.pc-paiha.at\/wordpress\/wandern\/wanderungen\/2015\/08\/10\/weisse-wand-tour\/1166\/\" class=\"lcp_title\">Weisse Wand Tour<\/a><\/li><li><a href=\"http:\/\/www.pc-paiha.at\/wordpress\/wandern\/wanderungen\/2015\/08\/02\/e-t-compton-huette-tour\/1102\/\" class=\"lcp_title\">E.T.Compton H\u00fctte &#8211; Tour<\/a><\/li><li><a href=\"http:\/\/www.pc-paiha.at\/wordpress\/wandern\/sightseeing\/2015\/07\/30\/innichen-28-07-2015\/1025\/\" class=\"lcp_title\">Innichen 28.07.2015<\/a><\/li><li><a href=\"http:\/\/www.pc-paiha.at\/wordpress\/wandern\/wanderungen\/2015\/06\/12\/gwendlingsteintour_06-2015\/999\/\" class=\"lcp_title\">Gw\u00f6hnlinsteinTour_06.2015<\/a><\/li><li><a href=\"http:\/\/www.pc-paiha.at\/wordpress\/wandern\/sightseeing\/2015\/04\/26\/kurztrip-nach-gmunden-2\/841\/\" class=\"lcp_title\">Kurztrip nach Gmunden<\/a><\/li><li><a href=\"http:\/\/www.pc-paiha.at\/wordpress\/wandern\/wanderungen\/2013\/08\/02\/wasserlochklamm-bei-palfau-stmk\/62\/\" class=\"lcp_title\">Wasserlochklamm bei Palfau\/Stmk<\/a><\/li><li><a href=\"http:\/\/www.pc-paiha.at\/wordpress\/wandern\/wanderungen\/2013\/07\/06\/mokarspitz-07-2013\/61\/\" class=\"lcp_title\">Mokarspitz 07.2013<\/a><\/li><\/ul><ul class='lcp_paginator'><li class='lcp_currentpage'>1<\/li><li><a href='http:\/\/www.pc-paiha.at\/wordpress\/wp-json\/wp\/v2\/pages\/565?lcp_page0=2#lcp_instance_0' title='2'>2<\/a><\/li><li><a href='http:\/\/www.pc-paiha.at\/wordpress\/wp-json\/wp\/v2\/pages\/565?lcp_page0=3#lcp_instance_0' title='3'>3<\/a><\/li><li><a href='http:\/\/www.pc-paiha.at\/wordpress\/wp-json\/wp\/v2\/pages\/565?lcp_page0=2#lcp_instance_0' title='2' class='lcp_nextlink'>&gt;&gt;<\/a><\/li><\/ul><\/code><\/p>\n","protected":false},"excerpt":{"rendered":"<p>Wir sind nicht so die ehrgeizigen Gipfelst\u00fcrmer, um jeden Preis schnell hoch hinauf. F\u00fcr uns ist das Wandern eher eine gute M\u00f6glichkeit, sich in der Ruhe der Natur zu bewegen und die sch\u00f6ne, von Gott geschaffene Landschaft zu genie\u00dfen. Wir verbringen meist viel Zeit am Gipfel mit dem Betrachten der Bergwelt. Ausserdem ist das Gehen eher therapeutischer Natur und man [&#8230;]<\/p>\n","protected":false},"author":3,"featured_media":567,"parent":0,"menu_order":0,"comment_status":"open","ping_status":"closed","template":"","meta":{"_themeisle_gutenberg_block_has_review":false,"two_page_speed":[],"footnotes":""},"class_list":["post-565","page","type-page","status-publish","has-post-thumbnail","hentry"],"jetpack_sharing_enabled":true,"jetpack_shortlink":"https:\/\/wp.me\/P63xGg-97","jetpack-related-posts":[{"id":552,"url":"http:\/\/www.pc-paiha.at\/wordpress\/bildergallerie\/wandern\/schneeschuhwandern\/","url_meta":{"origin":565,"position":0},"title":"Schneeschuhwandern","author":"wordpressadmin","date":"5. April 2015","format":false,"excerpt":"\u00a0","rel":"","context":"\u00c4hnlicher Beitrag","block_context":{"text":"\u00c4hnlicher Beitrag","link":""},"img":{"alt_text":"go-previous","src":"https:\/\/i0.wp.com\/www.pc-paiha.at\/wordpress\/wp-content\/uploads\/2015\/04\/go-previous.png?resize=350%2C200","width":350,"height":200},"classes":[]},{"id":384,"url":"http:\/\/www.pc-paiha.at\/wordpress\/bildergallerie\/wandern\/","url_meta":{"origin":565,"position":1},"title":"Wandern","author":"wordpressadmin","date":"4. April 2015","format":false,"excerpt":"","rel":"","context":"\u00c4hnlicher Beitrag","block_context":{"text":"\u00c4hnlicher Beitrag","link":""},"img":{"alt_text":"","src":"https:\/\/i0.wp.com\/www.pc-paiha.at\/wordpress\/wp-content\/uploads\/2016\/07\/thumb_IMG_0918_1024.jpg?resize=350%2C200","width":350,"height":200,"srcset":"https:\/\/i0.wp.com\/www.pc-paiha.at\/wordpress\/wp-content\/uploads\/2016\/07\/thumb_IMG_0918_1024.jpg?resize=350%2C200 1x, https:\/\/i0.wp.com\/www.pc-paiha.at\/wordpress\/wp-content\/uploads\/2016\/07\/thumb_IMG_0918_1024.jpg?resize=525%2C300 1.5x, https:\/\/i0.wp.com\/www.pc-paiha.at\/wordpress\/wp-content\/uploads\/2016\/07\/thumb_IMG_0918_1024.jpg?resize=700%2C400 2x"},"classes":[]},{"id":642,"url":"http:\/\/www.pc-paiha.at\/wordpress\/bildergallerie\/wandern\/planner-alm\/","url_meta":{"origin":565,"position":2},"title":"Planner Alm","author":"wordpressadmin","date":"6. April 2015","format":false,"excerpt":"\u00a0","rel":"","context":"\u00c4hnlicher Beitrag","block_context":{"text":"\u00c4hnlicher Beitrag","link":""},"img":{"alt_text":"go-previous","src":"https:\/\/i0.wp.com\/www.pc-paiha.at\/wordpress\/wp-content\/uploads\/2015\/04\/go-previous.png?resize=350%2C200","width":350,"height":200},"classes":[]},{"id":332,"url":"http:\/\/www.pc-paiha.at\/wordpress\/bildergallerie\/","url_meta":{"origin":565,"position":3},"title":"Bilder","author":"christian paiha","date":"3. April 2015","format":false,"excerpt":"\u00a0","rel":"","context":"\u00c4hnlicher Beitrag","block_context":{"text":"\u00c4hnlicher Beitrag","link":""},"img":{"alt_text":"","src":"https:\/\/i0.wp.com\/www.pc-paiha.at\/wordpress\/wp-content\/uploads\/2015\/04\/102012_20130703_1552444764-150x150.jpg?resize=350%2C200","width":350,"height":200},"classes":[]},{"id":1123,"url":"http:\/\/www.pc-paiha.at\/wordpress\/links\/","url_meta":{"origin":565,"position":4},"title":"Links","author":"christian paiha","date":"5. August 2015","format":false,"excerpt":"Hier einige, wie wir meinen, interessante Adressen: Name Link \u00d6sterreichischer Bergrettungsdienst http:\/\/www.bergrettung.at Alpenverein \u00d6sterreich http:\/\/www.alpenverein.com Naturfreunde \u00d6sterreich http:\/\/www.naturfreunde.at\/ Bergfex http:\/\/www.bergfex.at \u00a0 \u00a0","rel":"","context":"\u00c4hnlicher Beitrag","block_context":{"text":"\u00c4hnlicher Beitrag","link":""},"img":{"alt_text":"","src":"","width":0,"height":0},"classes":[]},{"id":1202,"url":"http:\/\/www.pc-paiha.at\/wordpress\/gedankensplitter\/","url_meta":{"origin":565,"position":5},"title":"Gedankensplitter","author":"christian paiha","date":"28. Februar 2016","format":false,"excerpt":"Die in dieser Kategorie erstellten Beitr\u00e4ge, sind meine pers\u00f6nlichen Gedanken die ich \u00fcber das Thema habe \u00fcber das ich schreibe. Ganz egal um was es geht. Blogliste der Kategorie:\u00a0","rel":"","context":"\u00c4hnlicher Beitrag","block_context":{"text":"\u00c4hnlicher Beitrag","link":""},"img":{"alt_text":"","src":"","width":0,"height":0},"classes":[]}],"jetpack_likes_enabled":true,"_links":{"self":[{"href":"http:\/\/www.pc-paiha.at\/wordpress\/wp-json\/wp\/v2\/pages\/565","targetHints":{"allow":["GET"]}}],"collection":[{"href":"http:\/\/www.pc-paiha.at\/wordpress\/wp-json\/wp\/v2\/pages"}],"about":[{"href":"http:\/\/www.pc-paiha.at\/wordpress\/wp-json\/wp\/v2\/types\/page"}],"author":[{"embeddable":true,"href":"http:\/\/www.pc-paiha.at\/wordpress\/wp-json\/wp\/v2\/users\/3"}],"replies":[{"embeddable":true,"href":"http:\/\/www.pc-paiha.at\/wordpress\/wp-json\/wp\/v2\/comments?post=565"}],"version-history":[{"count":18,"href":"http:\/\/www.pc-paiha.at\/wordpress\/wp-json\/wp\/v2\/pages\/565\/revisions"}],"predecessor-version":[{"id":1698,"href":"http:\/\/www.pc-paiha.at\/wordpress\/wp-json\/wp\/v2\/pages\/565\/revisions\/1698"}],"wp:featuredmedia":[{"embeddable":true,"href":"http:\/\/www.pc-paiha.at\/wordpress\/wp-json\/wp\/v2\/media\/567"}],"wp:attachment":[{"href":"http:\/\/www.pc-paiha.at\/wordpress\/wp-json\/wp\/v2\/media?parent=565"}],"curies":[{"name":"wp","href":"https:\/\/api.w.org\/{rel}","templated":true}]}}