{"id":917,"date":"2015-05-21T09:44:29","date_gmt":"2015-05-21T07:44:29","guid":{"rendered":"http:\/\/www.pc-paiha.at\/wordpress\/?page_id=917"},"modified":"2015-05-21T09:44:29","modified_gmt":"2015-05-21T07:44:29","slug":"pie-register-forgot-password-2","status":"publish","type":"page","link":"http:\/\/www.pc-paiha.at\/wordpress\/pie-register-forgot-password-2\/","title":{"rendered":"Pie Register &#8211; Forgot Password"},"content":{"rendered":"<div class=\"piereg_container\"><div class=\"piereg_entry-content pieregForgotPassword pieregWrapper\"><div id=\"piereg_forgotpassword\"><div id=\"piereg_login\"><div class=\"alert alert-warning\"><p class=\"piereg_warning fp_desc\">Bitte gib deinen Benutzernamen oder deine E-Mail-Adresse ein. Du erh\u00e4ltst daraufhin einen Link via E-Mail, mit dem du ein neues Passwort erstellen kannst.<\/p><\/div><ul id=\"pie_register\"><form method=\"post\" action=\"\/wordpress\/wp-json\/wp\/v2\/pages\/917\" id=\"piereg_lostpasswordform\"><li class=\"fields\"><label for=\"user_login\">Username oder E-mail:<\/label><input type=\"text\" size=\"20\" value=\"\" class=\"input input_fields validate[required]\" id=\"reset_user_login\" name=\"user_login\" placeholder=\"\"><\/li><input type=\"hidden\" id=\"piereg_reset_password_nonce\" name=\"piereg_reset_password_nonce\" value=\"1192fdff16\" \/><input type=\"hidden\" name=\"_wp_http_referer\" value=\"\/wordpress\/wp-json\/wp\/v2\/pages\/917\" \/><input type=\"hidden\" value=\"\" name=\"redirect_to\"><input type=\"hidden\" value=\"1\" name=\"is_forgot_form\"><li class=\"fields\"><div class=\"fieldset\"><\/div><\/li><li class=\"fields\"><p class=\"submit\"><input type=\"submit\" value=\"Mein Passwort zur\u00fccksetzen\" class=\"button button-primary button-large\" id=\"wp-reset-submit\" name=\"user-submit\"><\/p><\/li><\/ul>\r\n\t\t<input type=\"hidden\" name=\"reset_pass\" value=\"1\" \/>\r\n\t\t<input type=\"hidden\" name=\"user-cookie\" value=\"1\" \/>\r\n\t  <\/form>\r\n\t<\/div>\r\n\t<\/div>\r\n\t<\/div>\r\n\t<\/div>\n","protected":false},"excerpt":{"rendered":"","protected":false},"author":3,"featured_media":0,"parent":0,"menu_order":0,"comment_status":"closed","ping_status":"closed","template":"","meta":{"_themeisle_gutenberg_block_has_review":false,"two_page_speed":[],"footnotes":""},"class_list":["post-917","page","type-page","status-publish","hentry"],"jetpack_sharing_enabled":true,"jetpack_shortlink":"https:\/\/wp.me\/P63xGg-eN","jetpack-related-posts":[{"id":934,"url":"http:\/\/www.pc-paiha.at\/wordpress\/934-2\/","url_meta":{"origin":917,"position":0},"title":"pc-paiha.at forgot password","author":"christian paiha","date":"25. Mai 2015","format":false,"excerpt":"Hallo, du hast dein Passwort f\u00fcr vergessen. Folge den Anweisungen:","rel":"","context":"\u00c4hnlicher Beitrag","block_context":{"text":"\u00c4hnlicher Beitrag","link":""},"img":{"alt_text":"Logo_neu_6","src":"https:\/\/i0.wp.com\/www.pc-paiha.at\/wordpress\/wp-content\/uploads\/2015\/05\/Logo_neu_6-300x65.png?resize=350%2C200","width":350,"height":200},"classes":[]},{"id":915,"url":"http:\/\/www.pc-paiha.at\/wordpress\/pie-register-login-2\/","url_meta":{"origin":917,"position":1},"title":"Pie Register &#8211; Login","author":"christian paiha","date":"21. Mai 2015","format":false,"excerpt":"","rel":"","context":"\u00c4hnlicher Beitrag","block_context":{"text":"\u00c4hnlicher Beitrag","link":""},"img":{"alt_text":"","src":"","width":0,"height":0},"classes":[]},{"id":916,"url":"http:\/\/www.pc-paiha.at\/wordpress\/pie-register-registration-2\/","url_meta":{"origin":917,"position":2},"title":"Pie Register &#8211; Registration","author":"christian paiha","date":"21. Mai 2015","format":false,"excerpt":"","rel":"","context":"\u00c4hnlicher Beitrag","block_context":{"text":"\u00c4hnlicher Beitrag","link":""},"img":{"alt_text":"","src":"","width":0,"height":0},"classes":[]},{"id":918,"url":"http:\/\/www.pc-paiha.at\/wordpress\/pie-register-profile-2\/","url_meta":{"origin":917,"position":3},"title":"Pie Register &#8211; Profile","author":"christian paiha","date":"21. Mai 2015","format":false,"excerpt":"","rel":"","context":"\u00c4hnlicher Beitrag","block_context":{"text":"\u00c4hnlicher Beitrag","link":""},"img":{"alt_text":"","src":"","width":0,"height":0},"classes":[]}],"jetpack_likes_enabled":true,"_links":{"self":[{"href":"http:\/\/www.pc-paiha.at\/wordpress\/wp-json\/wp\/v2\/pages\/917","targetHints":{"allow":["GET"]}}],"collection":[{"href":"http:\/\/www.pc-paiha.at\/wordpress\/wp-json\/wp\/v2\/pages"}],"about":[{"href":"http:\/\/www.pc-paiha.at\/wordpress\/wp-json\/wp\/v2\/types\/page"}],"author":[{"embeddable":true,"href":"http:\/\/www.pc-paiha.at\/wordpress\/wp-json\/wp\/v2\/users\/3"}],"replies":[{"embeddable":true,"href":"http:\/\/www.pc-paiha.at\/wordpress\/wp-json\/wp\/v2\/comments?post=917"}],"version-history":[{"count":0,"href":"http:\/\/www.pc-paiha.at\/wordpress\/wp-json\/wp\/v2\/pages\/917\/revisions"}],"wp:attachment":[{"href":"http:\/\/www.pc-paiha.at\/wordpress\/wp-json\/wp\/v2\/media?parent=917"}],"curies":[{"name":"wp","href":"https:\/\/api.w.org\/{rel}","templated":true}]}}