{"id":967,"date":"2015-06-05T13:56:02","date_gmt":"2015-06-05T11:56:02","guid":{"rendered":"http:\/\/www.pc-paiha.at\/wordpress\/?page_id=967"},"modified":"2015-06-05T14:23:48","modified_gmt":"2015-06-05T12:23:48","slug":"veranstaltungen","status":"publish","type":"page","link":"http:\/\/www.pc-paiha.at\/wordpress\/veranstaltungen\/","title":{"rendered":"Veranstaltungen"},"content":{"rendered":"<div id=\"attachment_971\" style=\"width: 210px\" class=\"wp-caption alignnone\"><a href=\"http:\/\/www.pc-paiha.at\/wordpress\/?p=969\"><img loading=\"lazy\" decoding=\"async\" aria-describedby=\"caption-attachment-971\" class=\"wp-image-971\" title=\"ShakeTheLake Hallstatt 2015\" src=\"http:\/\/www.pc-paiha.at\/wordpress\/wp-content\/uploads\/2015\/06\/thumb_IMG_0092_1024-300x225.jpg\" alt=\"ShakeTheLake Hallstatt 2015\" width=\"200\" height=\"150\" srcset=\"http:\/\/www.pc-paiha.at\/wordpress\/wp-content\/uploads\/2015\/06\/thumb_IMG_0092_1024-300x225.jpg 300w, http:\/\/www.pc-paiha.at\/wordpress\/wp-content\/uploads\/2015\/06\/thumb_IMG_0092_1024.jpg 1024w, http:\/\/www.pc-paiha.at\/wordpress\/wp-content\/uploads\/2015\/06\/thumb_IMG_0092_1024-600x450.jpg 600w\" sizes=\"auto, (max-width: 200px) 100vw, 200px\" \/><\/a><p id=\"caption-attachment-971\" class=\"wp-caption-text\"><span style=\"color: #6998e8; font-size: 1.5em; align: 5px;\">ShakeTheLake Hallstatt 2015<\/span><\/p><\/div>\n","protected":false},"excerpt":{"rendered":"","protected":false},"author":3,"featured_media":0,"parent":0,"menu_order":0,"comment_status":"open","ping_status":"closed","template":"","meta":{"_themeisle_gutenberg_block_has_review":false,"two_page_speed":[],"footnotes":""},"class_list":["post-967","page","type-page","status-publish","hentry"],"jetpack_sharing_enabled":true,"jetpack_shortlink":"https:\/\/wp.me\/P63xGg-fB","jetpack-related-posts":[{"id":332,"url":"http:\/\/www.pc-paiha.at\/wordpress\/bildergallerie\/","url_meta":{"origin":967,"position":0},"title":"Bilder","author":"christian paiha","date":"3. April 2015","format":false,"excerpt":"\u00a0","rel":"","context":"\u00c4hnlicher Beitrag","block_context":{"text":"\u00c4hnlicher Beitrag","link":""},"img":{"alt_text":"","src":"https:\/\/i0.wp.com\/www.pc-paiha.at\/wordpress\/wp-content\/uploads\/2015\/04\/102012_20130703_1552444764-150x150.jpg?resize=350%2C200","width":350,"height":200},"classes":[]},{"id":386,"url":"http:\/\/www.pc-paiha.at\/wordpress\/bildergallerie\/seightseeing\/","url_meta":{"origin":967,"position":1},"title":"Seightseeing","author":"wordpressadmin","date":"4. April 2015","format":false,"excerpt":"","rel":"","context":"\u00c4hnlicher Beitrag","block_context":{"text":"\u00c4hnlicher Beitrag","link":""},"img":{"alt_text":"go-previous","src":"https:\/\/i0.wp.com\/www.pc-paiha.at\/wordpress\/wp-content\/uploads\/2015\/04\/go-previous.png?resize=350%2C200","width":350,"height":200},"classes":[]},{"id":1351,"url":"http:\/\/www.pc-paiha.at\/wordpress\/home\/","url_meta":{"origin":967,"position":2},"title":"Home","author":"christian paiha","date":"16. M\u00e4rz 2016","format":false,"excerpt":"","rel":"","context":"\u00c4hnlicher Beitrag","block_context":{"text":"\u00c4hnlicher Beitrag","link":""},"img":{"alt_text":"","src":"","width":0,"height":0},"classes":[]}],"jetpack_likes_enabled":true,"_links":{"self":[{"href":"http:\/\/www.pc-paiha.at\/wordpress\/wp-json\/wp\/v2\/pages\/967","targetHints":{"allow":["GET"]}}],"collection":[{"href":"http:\/\/www.pc-paiha.at\/wordpress\/wp-json\/wp\/v2\/pages"}],"about":[{"href":"http:\/\/www.pc-paiha.at\/wordpress\/wp-json\/wp\/v2\/types\/page"}],"author":[{"embeddable":true,"href":"http:\/\/www.pc-paiha.at\/wordpress\/wp-json\/wp\/v2\/users\/3"}],"replies":[{"embeddable":true,"href":"http:\/\/www.pc-paiha.at\/wordpress\/wp-json\/wp\/v2\/comments?post=967"}],"version-history":[{"count":4,"href":"http:\/\/www.pc-paiha.at\/wordpress\/wp-json\/wp\/v2\/pages\/967\/revisions"}],"predecessor-version":[{"id":974,"href":"http:\/\/www.pc-paiha.at\/wordpress\/wp-json\/wp\/v2\/pages\/967\/revisions\/974"}],"wp:attachment":[{"href":"http:\/\/www.pc-paiha.at\/wordpress\/wp-json\/wp\/v2\/media?parent=967"}],"curies":[{"name":"wp","href":"https:\/\/api.w.org\/{rel}","templated":true}]}}