{"id":1202,"date":"2016-02-28T22:50:44","date_gmt":"2016-02-28T21:50:44","guid":{"rendered":"http:\/\/www.pc-paiha.at\/wordpress\/?page_id=1202"},"modified":"2018-08-30T20:24:25","modified_gmt":"2018-08-30T18:24:25","slug":"gedankensplitter","status":"publish","type":"page","link":"https:\/\/www.pc-paiha.at\/wordpress\/gedankensplitter\/","title":{"rendered":"Gedankensplitter"},"content":{"rendered":"<p>Die in dieser Kategorie erstellten Beitr\u00e4ge, sind meine pers\u00f6nlichen Gedanken die ich \u00fcber das Thema habe \u00fcber das ich schreibe. Ganz egal um was es geht.<\/p>\n<p>Blogliste der Kategorie:\u00a0 <code><strong><a href=\"https:\/\/www.pc-paiha.at\/wordpress\/category\/gedankensplitter\/\">Gedankensplitter<\/a><\/strong><ul class=\"lcp_catlist\" id=\"lcp_instance_0\"><li><a href=\"https:\/\/www.pc-paiha.at\/wordpress\/gedankensplitter\/2017\/03\/28\/wieland-wird-die-welt-das-noch-aushalten\/1606\/\" class=\"lcp_title\">Wie lange wird die Welt das noch aushalten<\/a><\/li><li><a href=\"https:\/\/www.pc-paiha.at\/wordpress\/gedankensplitter\/2016\/10\/04\/worum-gehts-eigentlich\/1474\/\" class=\"lcp_title\">Worum gehts eigentlich<\/a><\/li><\/ul><\/code><\/p>\n","protected":false},"excerpt":{"rendered":"<p>Die in dieser Kategorie erstellten Beitr\u00e4ge, sind meine pers\u00f6nlichen Gedanken die ich \u00fcber das Thema habe \u00fcber das ich schreibe. Ganz egal um was es geht. Blogliste der Kategorie:\u00a0<\/p>\n","protected":false},"author":3,"featured_media":0,"parent":0,"menu_order":0,"comment_status":"closed","ping_status":"closed","template":"","meta":{"_themeisle_gutenberg_block_has_review":false,"two_page_speed":[],"footnotes":""},"class_list":["post-1202","page","type-page","status-publish","hentry"],"jetpack_sharing_enabled":true,"jetpack_shortlink":"https:\/\/wp.me\/P63xGg-jo","jetpack-related-posts":[{"id":565,"url":"https:\/\/www.pc-paiha.at\/wordpress\/wandern\/","url_meta":{"origin":1202,"position":0},"title":"Wandern","author":"christian paiha","date":"6. April 2015","format":false,"excerpt":"Wir sind nicht so die ehrgeizigen Gipfelst\u00fcrmer, um jeden Preis schnell hoch hinauf. F\u00fcr uns ist das Wandern eher eine gute M\u00f6glichkeit, sich in der Ruhe der Natur zu bewegen und die sch\u00f6ne, von Gott geschaffene Landschaft zu genie\u00dfen. Wir verbringen meist viel Zeit am Gipfel mit dem Betrachten der\u2026","rel":"","context":"\u00c4hnlicher Beitrag","block_context":{"text":"\u00c4hnlicher Beitrag","link":""},"img":{"alt_text":"","src":"https:\/\/i0.wp.com\/www.pc-paiha.at\/wordpress\/wp-content\/uploads\/2015\/04\/20062013_20130620_1288018971.jpg?resize=350%2C200&ssl=1","width":350,"height":200,"srcset":"https:\/\/i0.wp.com\/www.pc-paiha.at\/wordpress\/wp-content\/uploads\/2015\/04\/20062013_20130620_1288018971.jpg?resize=350%2C200&ssl=1 1x, https:\/\/i0.wp.com\/www.pc-paiha.at\/wordpress\/wp-content\/uploads\/2015\/04\/20062013_20130620_1288018971.jpg?resize=525%2C300&ssl=1 1.5x, https:\/\/i0.wp.com\/www.pc-paiha.at\/wordpress\/wp-content\/uploads\/2015\/04\/20062013_20130620_1288018971.jpg?resize=700%2C400&ssl=1 2x"},"classes":[]},{"id":1351,"url":"https:\/\/www.pc-paiha.at\/wordpress\/home\/","url_meta":{"origin":1202,"position":1},"title":"Home","author":"christian paiha","date":"16. M\u00e4rz 2016","format":false,"excerpt":"","rel":"","context":"\u00c4hnlicher Beitrag","block_context":{"text":"\u00c4hnlicher Beitrag","link":""},"img":{"alt_text":"","src":"","width":0,"height":0},"classes":[]},{"id":2,"url":"https:\/\/www.pc-paiha.at\/wordpress\/beispiel-seite\/","url_meta":{"origin":1202,"position":2},"title":"Beispiel-Seite","author":"wordpressadmin","date":"26. M\u00e4rz 2015","format":false,"excerpt":"Dies ist eine Beispiel-Seite. Sie unterscheidet sich von Beitr\u00e4gen, weil sie stets an der selben Stelle bleibt und (bei den meisten Themes) in der Navigationsleiste angezeigt wird. Die meisten Leute starten mit einer \"\u00dcber uns\"-Seite mit einer Vorstellung f\u00fcr m\u00f6gliche Besucher der Website. Dort k\u00f6nnte zum Beispiel stehen: Hallo! Tags\u00fcber\u2026","rel":"","context":"\u00c4hnlicher Beitrag","block_context":{"text":"\u00c4hnlicher Beitrag","link":""},"img":{"alt_text":"","src":"","width":0,"height":0},"classes":[]},{"id":107,"url":"https:\/\/www.pc-paiha.at\/wordpress\/willkommen-welcome-bienvenu-%d0%bf%d1%80%d0%b8%d0%b2%d0%b5%d1%82%d1%81%d1%82%d0%b2%d0%be%d0%b2%d0%b0%d1%82%d1%8c\/","url_meta":{"origin":1202,"position":3},"title":"Blogs","author":"wordpressadmin","date":"1. April 2015","format":false,"excerpt":"willkommen - welcome - bienvenu - \u043f\u0440\u0438\u0432\u0435\u0442\u0441\u0442\u0432\u043e\u0432\u0430\u0442\u044c \u00a0 Hier kann jeder der sich hier registriert, Blogs schreiben, \u00fcber Themen die ihn bewegen. Es besteht auch die M\u00f6glichkeit, einen vorhandenen Blog zu kommentieren. Voraussetzung f\u00fcr eine seri\u00f6se Bloggingkultur keine rassistische \u00c4usserungen, keine Pornografische Inhalte sowie keine Schimpftiraden. \u00a0 Die Blogs werden\u2026","rel":"","context":"\u00c4hnlicher Beitrag","block_context":{"text":"\u00c4hnlicher Beitrag","link":""},"img":{"alt_text":"Gria\u00df enk oi beinaunda","src":"https:\/\/i0.wp.com\/www.pc-paiha.at\/wordpress\/wp-content\/uploads\/2012\/04\/grimming_blue_1024_bearb.jpg?resize=350%2C200&ssl=1","width":350,"height":200,"srcset":"https:\/\/i0.wp.com\/www.pc-paiha.at\/wordpress\/wp-content\/uploads\/2012\/04\/grimming_blue_1024_bearb.jpg?resize=350%2C200&ssl=1 1x, https:\/\/i0.wp.com\/www.pc-paiha.at\/wordpress\/wp-content\/uploads\/2012\/04\/grimming_blue_1024_bearb.jpg?resize=525%2C300&ssl=1 1.5x, https:\/\/i0.wp.com\/www.pc-paiha.at\/wordpress\/wp-content\/uploads\/2012\/04\/grimming_blue_1024_bearb.jpg?resize=700%2C400&ssl=1 2x"},"classes":[]}],"jetpack_likes_enabled":true,"_links":{"self":[{"href":"https:\/\/www.pc-paiha.at\/wordpress\/wp-json\/wp\/v2\/pages\/1202","targetHints":{"allow":["GET"]}}],"collection":[{"href":"https:\/\/www.pc-paiha.at\/wordpress\/wp-json\/wp\/v2\/pages"}],"about":[{"href":"https:\/\/www.pc-paiha.at\/wordpress\/wp-json\/wp\/v2\/types\/page"}],"author":[{"embeddable":true,"href":"https:\/\/www.pc-paiha.at\/wordpress\/wp-json\/wp\/v2\/users\/3"}],"replies":[{"embeddable":true,"href":"https:\/\/www.pc-paiha.at\/wordpress\/wp-json\/wp\/v2\/comments?post=1202"}],"version-history":[{"count":4,"href":"https:\/\/www.pc-paiha.at\/wordpress\/wp-json\/wp\/v2\/pages\/1202\/revisions"}],"predecessor-version":[{"id":1699,"href":"https:\/\/www.pc-paiha.at\/wordpress\/wp-json\/wp\/v2\/pages\/1202\/revisions\/1699"}],"wp:attachment":[{"href":"https:\/\/www.pc-paiha.at\/wordpress\/wp-json\/wp\/v2\/media?parent=1202"}],"curies":[{"name":"wp","href":"https:\/\/api.w.org\/{rel}","templated":true}]}}