{"id":332,"date":"2015-04-03T11:51:51","date_gmt":"2015-04-03T09:51:51","guid":{"rendered":"http:\/\/www.pc-paiha.at\/wordpress\/?page_id=332"},"modified":"2015-07-30T19:50:44","modified_gmt":"2015-07-30T17:50:44","slug":"bildergallerie","status":"publish","type":"page","link":"https:\/\/www.pc-paiha.at\/wordpress\/bildergallerie\/","title":{"rendered":"Bilder"},"content":{"rendered":"<div id=\"attachment_449\" style=\"width: 160px\" class=\"wp-caption alignleft\"><a title=\"Country\" href=\"http:\/\/www.pc-paiha.at\/wordpress\/?page_id=393\"><img loading=\"lazy\" decoding=\"async\" aria-describedby=\"caption-attachment-449\" class=\"wp-image-449 size-thumbnail\" title=\"zu den Countrybildern einfch klicken\" src=\"http:\/\/www.pc-paiha.at\/wordpress\/wp-content\/uploads\/2015\/04\/102012_20130703_1552444764-150x150.jpg\" alt=\"\" width=\"150\" height=\"150\" srcset=\"https:\/\/www.pc-paiha.at\/wordpress\/wp-content\/uploads\/2015\/04\/102012_20130703_1552444764-150x150.jpg 150w, https:\/\/www.pc-paiha.at\/wordpress\/wp-content\/uploads\/2015\/04\/102012_20130703_1552444764-200x200.jpg 200w\" sizes=\"auto, (max-width: 150px) 100vw, 150px\" \/><\/a><p id=\"caption-attachment-449\" class=\"wp-caption-text\"><span style=\"color: #6998e8; font-size: 1.5em;\">Country<\/span><\/p><\/div>\n<div id=\"attachment_434\" style=\"width: 160px\" class=\"wp-caption alignleft\"><a title=\"Wandern\" href=\"http:\/\/www.pc-paiha.at\/wordpress\/?page_id=384\"><img loading=\"lazy\" decoding=\"async\" aria-describedby=\"caption-attachment-434\" class=\"wp-image-434 size-thumbnail\" title=\"zu Bildern vom Wandern einfach klicken\" src=\"http:\/\/www.pc-paiha.at\/wordpress\/wp-content\/uploads\/2015\/04\/moelbeck_20120624_1217915778-150x150.jpg\" alt=\"moelbeck_20120624_1217915778\" width=\"150\" height=\"150\" srcset=\"https:\/\/www.pc-paiha.at\/wordpress\/wp-content\/uploads\/2015\/04\/moelbeck_20120624_1217915778-150x150.jpg 150w, https:\/\/www.pc-paiha.at\/wordpress\/wp-content\/uploads\/2015\/04\/moelbeck_20120624_1217915778-200x200.jpg 200w\" sizes=\"auto, (max-width: 150px) 100vw, 150px\" \/><\/a><p id=\"caption-attachment-434\" class=\"wp-caption-text\"><span style=\"color: #6998e8; font-size: 1.5em;\">Wandern<\/span><\/p><\/div>\n<div id=\"attachment_529\" style=\"width: 160px\" class=\"wp-caption alignleft\"><a title=\"Seightseeing\" href=\"http:\/\/www.pc-paiha.at\/wordpress\/?page_id=386\"><img loading=\"lazy\" decoding=\"async\" aria-describedby=\"caption-attachment-529\" class=\"wp-image-529 size-thumbnail\" title=\"zu Sightseeing einfach klicken\" src=\"http:\/\/www.pc-paiha.at\/wordpress\/wp-content\/uploads\/2015\/04\/puergg_im_herbst_20120628_1114683544-150x150.jpg\" alt=\"puergg_im_herbst_20120628_1114683544\" width=\"150\" height=\"150\" srcset=\"https:\/\/www.pc-paiha.at\/wordpress\/wp-content\/uploads\/2015\/04\/puergg_im_herbst_20120628_1114683544-150x150.jpg 150w, https:\/\/www.pc-paiha.at\/wordpress\/wp-content\/uploads\/2015\/04\/puergg_im_herbst_20120628_1114683544-200x200.jpg 200w\" sizes=\"auto, (max-width: 150px) 100vw, 150px\" \/><\/a><p id=\"caption-attachment-529\" class=\"wp-caption-text\"><span style=\"color: #6998e8; font-size: 1.5em;\">Sightseeing<\/span><\/p><\/div>\n<div id=\"attachment_436\" style=\"width: 160px\" class=\"wp-caption alignleft\"><a title=\"Mountainbiken\" href=\"http:\/\/www.pc-paiha.at\/wordpress\/?page_id=417\"><img loading=\"lazy\" decoding=\"async\" aria-describedby=\"caption-attachment-436\" class=\"wp-image-436 size-thumbnail\" src=\"http:\/\/www.pc-paiha.at\/wordpress\/wp-content\/uploads\/2015\/04\/biketour_19082012_4_20120821_1929822578-150x150.jpg\" alt=\"biketour_19082012_4_20120821_1929822578\" width=\"150\" height=\"150\" srcset=\"https:\/\/www.pc-paiha.at\/wordpress\/wp-content\/uploads\/2015\/04\/biketour_19082012_4_20120821_1929822578-150x150.jpg 150w, https:\/\/www.pc-paiha.at\/wordpress\/wp-content\/uploads\/2015\/04\/biketour_19082012_4_20120821_1929822578-200x200.jpg 200w\" sizes=\"auto, (max-width: 150px) 100vw, 150px\" \/><\/a><p id=\"caption-attachment-436\" class=\"wp-caption-text\"><span style=\"color: #6998e8; font-size: 1.5em;\">Mountainbiken<\/span><\/p><\/div>\n<div id=\"attachment_975\" style=\"width: 160px\" class=\"wp-caption alignleft\"><a href=\"http:\/\/www.pc-paiha.at\/wordpress\/?page_id=967\"><img loading=\"lazy\" decoding=\"async\" aria-describedby=\"caption-attachment-975\" class=\"wp-image-975 size-thumbnail\" title=\"zu den Veranstaltungen einfach anklicken\" src=\"http:\/\/www.pc-paiha.at\/wordpress\/wp-content\/uploads\/2015\/04\/thumb_IMG_0104_1024-150x150.jpg\" alt=\"Veranstaltungen\" width=\"150\" height=\"150\" \/><\/a><p id=\"caption-attachment-975\" class=\"wp-caption-text\"><span style=\"color: #6998e8; font-size: 1.5em;\">Veranstaltungen<\/span><\/p><\/div>\n<div id=\"attachment_430\" style=\"width: 160px\" class=\"wp-caption alignleft\"><a title=\"Diverse\" href=\"http:\/\/www.pc-paiha.at\/wordpress\/?page_id=413\"><img loading=\"lazy\" decoding=\"async\" aria-describedby=\"caption-attachment-430\" class=\"wp-image-430 size-thumbnail\" title=\"f\u00fcr die diverse Bilder einfach klicken\" src=\"http:\/\/www.pc-paiha.at\/wordpress\/wp-content\/uploads\/2015\/04\/ostern_2011_20120624_1312872594-150x150.jpg\" alt=\"ostern_2011_20120624_1312872594\" width=\"150\" height=\"150\" srcset=\"https:\/\/www.pc-paiha.at\/wordpress\/wp-content\/uploads\/2015\/04\/ostern_2011_20120624_1312872594-150x150.jpg 150w, https:\/\/www.pc-paiha.at\/wordpress\/wp-content\/uploads\/2015\/04\/ostern_2011_20120624_1312872594-200x200.jpg 200w\" sizes=\"auto, (max-width: 150px) 100vw, 150px\" \/><\/a><p id=\"caption-attachment-430\" class=\"wp-caption-text\"><span style=\"color: #6998e8; font-size: 1.5em;\">Diverse<\/span><\/p><\/div>\n<div id=\"attachment_439\" style=\"width: 160px\" class=\"wp-caption alignleft\"><a title=\"Basteleien\" href=\"http:\/\/www.pc-paiha.at\/wordpress\/?page_id=415\"><img loading=\"lazy\" decoding=\"async\" aria-describedby=\"caption-attachment-439\" class=\"wp-image-439 size-thumbnail\" src=\"http:\/\/www.pc-paiha.at\/wordpress\/wp-content\/uploads\/2015\/04\/luxusklo_20130603_2072590616-150x150.jpg\" alt=\"luxusklo_20130603_2072590616\" width=\"150\" height=\"150\" srcset=\"https:\/\/www.pc-paiha.at\/wordpress\/wp-content\/uploads\/2015\/04\/luxusklo_20130603_2072590616-150x150.jpg 150w, https:\/\/www.pc-paiha.at\/wordpress\/wp-content\/uploads\/2015\/04\/luxusklo_20130603_2072590616-200x200.jpg 200w\" sizes=\"auto, (max-width: 150px) 100vw, 150px\" \/><\/a><p id=\"caption-attachment-439\" class=\"wp-caption-text\"><span style=\"color: #6998e8; font-size: 1.5em;\">Basteleien<\/span><\/p><\/div>\n<div id=\"attachment_442\" style=\"width: 160px\" class=\"wp-caption alignleft\"><a href=\"http:\/\/www.pc-paiha.at\/wordpress\/wp-content\/uploads\/2015\/04\/viecherurlaub_20130702_1616497909.jpg\"><img loading=\"lazy\" decoding=\"async\" aria-describedby=\"caption-attachment-442\" class=\"wp-image-442 size-thumbnail\" src=\"http:\/\/www.pc-paiha.at\/wordpress\/wp-content\/uploads\/2015\/04\/viecherurlaub_20130702_1616497909-150x150.jpg\" alt=\"viecherurlaub_20130702_1616497909\" width=\"150\" height=\"150\" srcset=\"https:\/\/www.pc-paiha.at\/wordpress\/wp-content\/uploads\/2015\/04\/viecherurlaub_20130702_1616497909-150x150.jpg 150w, https:\/\/www.pc-paiha.at\/wordpress\/wp-content\/uploads\/2015\/04\/viecherurlaub_20130702_1616497909-200x200.jpg 200w\" sizes=\"auto, (max-width: 150px) 100vw, 150px\" \/><\/a><p id=\"caption-attachment-442\" class=\"wp-caption-text\"><span style=\"color: #6998e8; font-size: 1.5em;\">Tierisches<\/span><\/p><\/div>\n<p>&nbsp;<\/p>\n","protected":false},"excerpt":{"rendered":"<p>&nbsp;<\/p>\n","protected":false},"author":3,"featured_media":0,"parent":0,"menu_order":0,"comment_status":"open","ping_status":"closed","template":"","meta":{"_themeisle_gutenberg_block_has_review":false,"two_page_speed":[],"footnotes":""},"class_list":["post-332","page","type-page","status-publish","hentry"],"jetpack_sharing_enabled":true,"jetpack_shortlink":"https:\/\/wp.me\/P63xGg-5m","jetpack-related-posts":[{"id":1351,"url":"https:\/\/www.pc-paiha.at\/wordpress\/home\/","url_meta":{"origin":332,"position":0},"title":"Home","author":"christian paiha","date":"16. M\u00e4rz 2016","format":false,"excerpt":"","rel":"","context":"\u00c4hnlicher Beitrag","block_context":{"text":"\u00c4hnlicher Beitrag","link":""},"img":{"alt_text":"","src":"","width":0,"height":0},"classes":[]}],"jetpack_likes_enabled":true,"_links":{"self":[{"href":"https:\/\/www.pc-paiha.at\/wordpress\/wp-json\/wp\/v2\/pages\/332","targetHints":{"allow":["GET"]}}],"collection":[{"href":"https:\/\/www.pc-paiha.at\/wordpress\/wp-json\/wp\/v2\/pages"}],"about":[{"href":"https:\/\/www.pc-paiha.at\/wordpress\/wp-json\/wp\/v2\/types\/page"}],"author":[{"embeddable":true,"href":"https:\/\/www.pc-paiha.at\/wordpress\/wp-json\/wp\/v2\/users\/3"}],"replies":[{"embeddable":true,"href":"https:\/\/www.pc-paiha.at\/wordpress\/wp-json\/wp\/v2\/comments?post=332"}],"version-history":[{"count":31,"href":"https:\/\/www.pc-paiha.at\/wordpress\/wp-json\/wp\/v2\/pages\/332\/revisions"}],"predecessor-version":[{"id":1703,"href":"https:\/\/www.pc-paiha.at\/wordpress\/wp-json\/wp\/v2\/pages\/332\/revisions\/1703"}],"wp:attachment":[{"href":"https:\/\/www.pc-paiha.at\/wordpress\/wp-json\/wp\/v2\/media?parent=332"}],"curies":[{"name":"wp","href":"https:\/\/api.w.org\/{rel}","templated":true}]}}