{"id":384,"date":"2015-04-04T12:36:00","date_gmt":"2015-04-04T12:36:00","guid":{"rendered":"http:\/\/www.pc-paiha.at\/wordpress\/?page_id=384"},"modified":"2016-08-04T19:49:36","modified_gmt":"2016-08-04T17:49:36","slug":"wandern","status":"publish","type":"page","link":"https:\/\/www.pc-paiha.at\/wordpress\/bildergallerie\/wandern\/","title":{"rendered":"Wandern"},"content":{"rendered":"<p><a title=\"Bilder\" href=\"http:\/\/www.pc-paiha.at\/wordpress\/?page_id=332\"><img loading=\"lazy\" decoding=\"async\" class=\"alignnone wp-image-452 size-full\" title=\"zur\u00fcck\" src=\"http:\/\/www.pc-paiha.at\/wordpress\/wp-content\/uploads\/2015\/04\/go-previous.png\" alt=\"go-previous\" width=\"32\" height=\"32\" \/><\/a><\/p>\n<p><div id=\"attachment_1459\" style=\"width: 160px\" class=\"wp-caption alignleft\"><a href=\"http:\/\/www.pc-paiha.at\/wordpress\/?p=1454\"><img loading=\"lazy\" decoding=\"async\" aria-describedby=\"caption-attachment-1459\" class=\"wp-image-1459 size-thumbnail\" title=\"zu den Bildern hier klicken\" src=\"http:\/\/www.pc-paiha.at\/wordpress\/wp-content\/uploads\/2015\/04\/thumb_IMG_1065_1024-150x150.jpg\" alt=\"thumb_IMG_1065_1024\" width=\"150\" height=\"150\" \/><\/a><p id=\"caption-attachment-1459\" class=\"wp-caption-text\"><span style=\"color: #6998e8; font-size: 1.2em;\">Murt\u00f6rl 2260Hm<br \/> 30.07.2016<\/span><\/p><\/div> <div id=\"attachment_1420\" style=\"width: 160px\" class=\"wp-caption alignleft\"><a href=\"http:\/\/www.pc-paiha.at\/wordpress\/?p=1419\"><img loading=\"lazy\" decoding=\"async\" aria-describedby=\"caption-attachment-1420\" class=\"wp-image-1420 size-thumbnail\" title=\"zu den Bildern hier klicken\" src=\"http:\/\/www.pc-paiha.at\/wordpress\/wp-content\/uploads\/2016\/07\/thumb_IMG_0956_1024-150x150.jpg\" alt=\"thumb_IMG_0956_1024\" width=\"150\" height=\"150\" \/><\/a><p id=\"caption-attachment-1420\" class=\"wp-caption-text\"><span style=\"color: #6998e8; font-size: 1.2em;\">Moderegg- Aschlreitalm<br \/> 24.07.2016<\/span><\/p><\/div> <div id=\"attachment_1412\" style=\"width: 160px\" class=\"wp-caption alignleft\"><a href=\"http:\/\/www.pc-paiha.at\/wordpress\/?p=1413\"><img loading=\"lazy\" decoding=\"async\" aria-describedby=\"caption-attachment-1412\" class=\"wp-image-1412 size-thumbnail\" title=\"zu den Bildern hier klicken\" src=\"http:\/\/www.pc-paiha.at\/wordpress\/wp-content\/uploads\/2016\/07\/thumb_IMG_0918_1024-150x150.jpg\" alt=\"thumb_IMG_0918_1024\" width=\"150\" height=\"150\" \/><\/a><p id=\"caption-attachment-1412\" class=\"wp-caption-text\"><span style=\"color: #6998e8; font-size: 1.2em;\">Grimming<br \/> 20.07.2016<br \/><\/span><\/p><\/div> <div id=\"attachment_1404\" style=\"width: 160px\" class=\"wp-caption alignleft\"><a href=\"http:\/\/www.pc-paiha.at\/wordpress\/?p=1400\"><img loading=\"lazy\" decoding=\"async\" aria-describedby=\"caption-attachment-1404\" class=\"wp-image-1404 size-thumbnail\" title=\"hier klicken um die Bilder zu sehen\" src=\"http:\/\/www.pc-paiha.at\/wordpress\/wp-content\/uploads\/2016\/07\/thumb_IMG_0880_1024-150x150.jpg\" alt=\"thumb_IMG_0880_1024\" width=\"150\" height=\"150\" \/><\/a><p id=\"caption-attachment-1404\" class=\"wp-caption-text\"><span style=\"color: #6998e8; font-size: 1.2em;\">H\u00fcttschlag<br \/> 06.2016<\/span><\/p><\/div> <div id=\"attachment_1162\" style=\"width: 160px\" class=\"wp-caption alignleft\"><a href=\"http:\/\/www.pc-paiha.at\/wordpress\/?p=1154\"><img loading=\"lazy\" decoding=\"async\" aria-describedby=\"caption-attachment-1162\" class=\"wp-image-1162 size-thumbnail\" title=\"Hier klicken um die Bilder der Weisse Wand Tour zu sehen\" src=\"http:\/\/www.pc-paiha.at\/wordpress\/wp-content\/uploads\/2015\/04\/thumb_IMG_0421_1024-150x150.jpg\" alt=\"thumb_IMG_0421_1024\" width=\"150\" height=\"150\" \/><\/a><p id=\"caption-attachment-1162\" class=\"wp-caption-text\"><span style=\"color: #6998e8; font-size: 1.2em;\">Weisse Wand Tour <br \/> 03.08.2015<\/span><\/p><\/div> <div id=\"attachment_1095\" style=\"width: 160px\" class=\"wp-caption alignleft\"><a href=\"http:\/\/www.pc-paiha.at\/wordpress\/?p=1097\"><img loading=\"lazy\" decoding=\"async\" aria-describedby=\"caption-attachment-1095\" class=\"wp-image-1095 size-thumbnail\" title=\"Hier klicken um die Bilder der E.T. Compton H\u00fctte Tour zu sehen\" src=\"http:\/\/www.pc-paiha.at\/wordpress\/wp-content\/uploads\/2015\/04\/Foto-31.07.15-14-16-56-150x150.jpg\" alt=\"Foto 31.07.15 14 16 56\" width=\"150\" height=\"150\" \/><\/a><p id=\"caption-attachment-1095\" class=\"wp-caption-text\"><span style=\"color: #6998e8; font-size: 1.2em;\">E.T. Compton H\u00fctte<br \/>31.07.2015<\/span><\/p><\/div> <div id=\"attachment_1013\" style=\"width: 160px\" class=\"wp-caption alignleft\"><a href=\"http:\/\/www.pc-paiha.at\/wordpress\/?p=991\"><img loading=\"lazy\" decoding=\"async\" aria-describedby=\"caption-attachment-1013\" class=\"wp-image-1013 size-thumbnail\" title=\"Klicken um das Album Gwendlingstein Tour anzusehen\" src=\"http:\/\/www.pc-paiha.at\/wordpress\/wp-content\/uploads\/2015\/04\/thumb_IMG_0136_1024-150x150.jpg\" alt=\"thumb_IMG_0136_1024\" width=\"150\" height=\"150\" \/><\/a><p id=\"caption-attachment-1013\" class=\"wp-caption-text\"><span style=\"color: #6998e8; font-size: 1.2em;\">Gwendlingstein Tour 06.2015<\/span><\/p><\/div> <div id=\"attachment_669\" style=\"width: 160px\" class=\"wp-caption alignleft\"><a title=\"Planner Alm\" href=\"http:\/\/www.pc-paiha.at\/wordpress\/?page_id=642\"><img loading=\"lazy\" decoding=\"async\" aria-describedby=\"caption-attachment-669\" class=\"wp-image-669 size-thumbnail\" title=\"Klicken um das Album Planner Alm anzusehen\" src=\"http:\/\/www.pc-paiha.at\/wordpress\/wp-content\/uploads\/2015\/04\/erste_tour_nach_knie-op_20120630_1504759620-150x150.jpg\" alt=\"SAMSUNG\" width=\"150\" height=\"150\" \/><\/a><p id=\"caption-attachment-669\" class=\"wp-caption-text\"><span style=\"color: #6998e8; font-size: 1.2em;\">Planner Alm<br \/>\u00a0<\/span><\/p><\/div> <div id=\"attachment_736\" style=\"width: 160px\" class=\"wp-caption alignleft\"><a title=\"Altausseersee 19.10.2013\" href=\"http:\/\/www.pc-paiha.at\/wordpress\/?p=708\"><img loading=\"lazy\" decoding=\"async\" aria-describedby=\"caption-attachment-736\" class=\"wp-image-736 size-thumbnail\" title=\"Klicken um das Album Altausseersee anzusehen\" src=\"http:\/\/www.pc-paiha.at\/wordpress\/wp-content\/uploads\/2015\/04\/bild_1_20140509_1847507324-150x150.jpg\" alt=\"Altausseersee 19.10.2013\" width=\"150\" height=\"150\" \/><\/a><p id=\"caption-attachment-736\" class=\"wp-caption-text\"><span style=\"color: #6998e8; font-size: 1.2em;\">Altausseersee 19.10.2013<\/span><\/p><\/div> <div id=\"attachment_724\" style=\"width: 160px\" class=\"wp-caption alignleft\"><a href=\"http:\/\/www.pc-paiha.at\/wordpress\/wp-content\/uploads\/2015\/04\/moelbeck_11_20140509_1788467371.jpg\"><img loading=\"lazy\" decoding=\"async\" aria-describedby=\"caption-attachment-724\" class=\"wp-image-724 size-thumbnail\" title=\"Klicken um das Album M\u00f6lbeg anzusehen\" src=\"http:\/\/www.pc-paiha.at\/wordpress\/wp-content\/uploads\/2015\/04\/moelbeck_11_20140509_1788467371-150x150.jpg\" alt=\"moelbeck_11_20140509_1788467371\" width=\"150\" height=\"150\" \/><\/a><p id=\"caption-attachment-724\" class=\"wp-caption-text\"><span style=\"color: #6998e8; font-size: 1.2em;\">M\u00f6lbeg <br \/>11.08.2013<\/span><\/p><\/div> <div id=\"attachment_674\" style=\"width: 160px\" class=\"wp-caption alignleft\"><a title=\"Mokarspitz 02.07.2013\" href=\"http:\/\/www.pc-paiha.at\/wordpress\/?p=676\"><img loading=\"lazy\" decoding=\"async\" aria-describedby=\"caption-attachment-674\" class=\"wp-image-674 size-thumbnail\" title=\"Klicken um das Album Mokarspitz anzusehen\" src=\"http:\/\/www.pc-paiha.at\/wordpress\/wp-content\/uploads\/2015\/04\/sonjas_bilder_20130702_1175510812-150x150.jpg\" alt=\"sonjas_bilder_20130702_1175510812\" width=\"150\" height=\"150\" \/><\/a><p id=\"caption-attachment-674\" class=\"wp-caption-text\"><span style=\"color: #6998e8; font-size: 1.2em;\">Mokarspitz<br \/> 02.07.2013<\/span><\/p><\/div> <div id=\"attachment_722\" style=\"width: 160px\" class=\"wp-caption alignleft\"><a title=\"Wasserlochklamm 28.06.2013\" href=\"http:\/\/www.pc-paiha.at\/wordpress\/?p=720\"><img loading=\"lazy\" decoding=\"async\" aria-describedby=\"caption-attachment-722\" class=\"wp-image-722 size-thumbnail\" title=\"Klicken um das Album Wasserlochklamm anzusehen\" src=\"http:\/\/www.pc-paiha.at\/wordpress\/wp-content\/uploads\/2015\/04\/bild_chris_20130628_1144918333-150x150.jpg\" alt=\"bild_wasserloch klamm\" width=\"150\" height=\"150\" \/><\/a><p id=\"caption-attachment-722\" class=\"wp-caption-text\"><span style=\"color: #6998e8; font-size: 1.2em;\">Wasserlochklamm 28.06.2013<\/span><\/p><\/div> <div id=\"attachment_693\" style=\"width: 160px\" class=\"wp-caption alignleft\"><a title=\"Wasserfallrunde 23.06.2013\" href=\"http:\/\/www.pc-paiha.at\/wordpress\/?p=683\"><img loading=\"lazy\" decoding=\"async\" aria-describedby=\"caption-attachment-693\" class=\"wp-image-693 size-thumbnail\" title=\"Klicken um das Album Wasserfallrunde anzusehen\" src=\"http:\/\/www.pc-paiha.at\/wordpress\/wp-content\/uploads\/2015\/04\/23062013_20130623_1177810931-150x150.jpg\" alt=\"23062013_20130623_1177810931\" width=\"150\" height=\"150\" \/><\/a><p id=\"caption-attachment-693\" class=\"wp-caption-text\"><span style=\"color: #6998e8; font-size: 1.2em;\">Wasserfallrunde Tauplitz 06.2013<\/span><\/p><\/div> <div id=\"attachment_691\" style=\"width: 160px\" class=\"wp-caption alignleft\"><a title=\"Silberkarklamm 20.06.2013\" href=\"http:\/\/www.pc-paiha.at\/wordpress\/?p=718\"><img loading=\"lazy\" decoding=\"async\" aria-describedby=\"caption-attachment-691\" class=\"wp-image-691 size-thumbnail\" title=\"Klicken um das Album Silberkarklamm anzusehen\" src=\"http:\/\/www.pc-paiha.at\/wordpress\/wp-content\/uploads\/2015\/04\/20062013_20130620_1223644173-150x150.jpg\" alt=\"20062013_20130620_1223644173\" width=\"150\" height=\"150\" \/><\/a><p id=\"caption-attachment-691\" class=\"wp-caption-text\"><span style=\"color: #6998e8; font-size: 1.2em;\">Silberkarklamm 20.06.2013<\/span><\/p><\/div> <div id=\"attachment_739\" style=\"width: 160px\" class=\"wp-caption alignleft\"><a href=\"http:\/\/www.pc-paiha.at\/wordpress\/wp-content\/uploads\/2015\/04\/bilder_chris_20130521_1507408807.jpg\"><img loading=\"lazy\" decoding=\"async\" aria-describedby=\"caption-attachment-739\" class=\"wp-image-739 size-thumbnail\" title=\"Klicken um das Album Gosausee anzusehen\" src=\"http:\/\/www.pc-paiha.at\/wordpress\/wp-content\/uploads\/2015\/04\/bilder_chris_20130521_1507408807-150x150.jpg\" alt=\"Gosausee 21.05.2013\" width=\"150\" height=\"150\" \/><\/a><p id=\"caption-attachment-739\" class=\"wp-caption-text\"><span style=\"color: #6998e8; font-size: 1.2em;\">Gosausee<br \/> 21.05.2013<\/span><\/p><\/div> <div id=\"attachment_737\" style=\"width: 160px\" class=\"wp-caption alignleft\"><a title=\"B\u00e4rnfeichtenalm 20.08.2012\" href=\"http:\/\/www.pc-paiha.at\/wordpress\/?p=706\"><img loading=\"lazy\" decoding=\"async\" aria-describedby=\"caption-attachment-737\" class=\"wp-image-737 size-thumbnail\" title=\"Klicken um das Album B\u00e4rnfeichtnalm anzusehen\" src=\"http:\/\/www.pc-paiha.at\/wordpress\/wp-content\/uploads\/2015\/04\/abstieg_20120815_1712871835-150x150.jpg\" alt=\"B\u00e4rnfeichtenalm 20.08.2012\" width=\"150\" height=\"150\" \/><\/a><p id=\"caption-attachment-737\" class=\"wp-caption-text\"><span style=\"color: #6998e8; font-size: 1.2em;\">B\u00e4rnfeichtenalm 20.08.2012<\/span><\/p><\/div> <div id=\"attachment_728\" style=\"width: 160px\" class=\"wp-caption alignleft\"><a title=\"M\u00f6lbeck 28.07.2011\" href=\"http:\/\/www.pc-paiha.at\/wordpress\/?p=714\"><img loading=\"lazy\" decoding=\"async\" aria-describedby=\"caption-attachment-728\" class=\"wp-image-728 size-thumbnail\" title=\"Klicken um das Album M\u00f6lbeg anzusehen\" src=\"http:\/\/www.pc-paiha.at\/wordpress\/wp-content\/uploads\/2015\/04\/moelbeck_20120624_1346215661-150x150.jpg\" alt=\"moelbeck_20120624_1346215661\" width=\"150\" height=\"150\" \/><\/a><p id=\"caption-attachment-728\" class=\"wp-caption-text\"><span style=\"color: #6998e8; font-size: 1.2em;\">M\u00f6lbeg<br \/> 28.07.2011<\/span><\/p><\/div> <div id=\"attachment_731\" style=\"width: 160px\" class=\"wp-caption alignleft\"><a title=\"Hoher Trett 22.07.2011\" href=\"http:\/\/www.pc-paiha.at\/wordpress\/?p=712\"><img loading=\"lazy\" decoding=\"async\" aria-describedby=\"caption-attachment-731\" class=\"wp-image-731 size-thumbnail\" title=\"Klicken um das Album Hoher Trett anzusehen\" src=\"http:\/\/www.pc-paiha.at\/wordpress\/wp-content\/uploads\/2015\/04\/hoher_trett_20120624_1339738673-150x150.jpg\" alt=\"hoher_trett_20120624_1339738673\" width=\"150\" height=\"150\" \/><\/a><p id=\"caption-attachment-731\" class=\"wp-caption-text\"><span style=\"color: #6998e8; font-size: 1.2em;\">Hoher Trett<br \/> 22.07.2011<\/span><\/p><\/div> <div id=\"attachment_696\" style=\"width: 160px\" class=\"wp-caption alignleft\"><a title=\"Schwarzlacke 2010\" href=\"http:\/\/www.pc-paiha.at\/wordpress\/?p=681\"><img loading=\"lazy\" decoding=\"async\" aria-describedby=\"caption-attachment-696\" class=\"wp-image-696 size-thumbnail\" title=\"Klicken um das Album Schwarzlacke anzusehen\" src=\"http:\/\/www.pc-paiha.at\/wordpress\/wp-content\/uploads\/2015\/04\/hoher_trett_im_herbst_20120628_1711868171-150x150.jpg\" alt=\"hoher_trett_im_herbst_20120628_1711868171\" width=\"150\" height=\"150\" \/><\/a><p id=\"caption-attachment-696\" class=\"wp-caption-text\"><span style=\"color: #6998e8; font-size: 1.2em;\">Schwarzlacke<br \/> 10.2010<\/span><\/p><\/div> <div id=\"attachment_559\" style=\"width: 160px\" class=\"wp-caption alignleft\"><a title=\"Schneeschuhwandern\" href=\"http:\/\/www.pc-paiha.at\/wordpress\/?page_id=552\"><img loading=\"lazy\" decoding=\"async\" aria-describedby=\"caption-attachment-559\" class=\"wp-image-559 size-thumbnail\" title=\"Klicken um das Album Schneeschuhwandern anzusehen\" src=\"http:\/\/www.pc-paiha.at\/wordpress\/wp-content\/uploads\/2015\/04\/27012013_8_20130129_1654775867-150x150.jpg\" alt=\"27012013_8_20130129_1654775867\" width=\"150\" height=\"150\" srcset=\"https:\/\/www.pc-paiha.at\/wordpress\/wp-content\/uploads\/2015\/04\/27012013_8_20130129_1654775867-150x150.jpg 150w, https:\/\/www.pc-paiha.at\/wordpress\/wp-content\/uploads\/2015\/04\/27012013_8_20130129_1654775867-200x200.jpg 200w\" sizes=\"auto, (max-width: 150px) 100vw, 150px\" \/><\/a><p id=\"caption-attachment-559\" class=\"wp-caption-text\"><span style=\"color: #6998e8; font-size: 1.2em;\">Schneeschuhwandern<br \/>Skitouren<\/span><\/p><\/div> <div id=\"attachment_733\" style=\"width: 160px\" class=\"wp-caption alignleft\"><a href=\"http:\/\/www.pc-paiha.at\/wordpress\/wp-content\/uploads\/2015\/04\/hoher_trett_im_herbst_20120628_1821919677.jpg\"><img loading=\"lazy\" decoding=\"async\" aria-describedby=\"caption-attachment-733\" class=\"wp-image-733 size-thumbnail\" title=\"Klicken um das Album Hoher Trett anzusehen\" src=\"http:\/\/www.pc-paiha.at\/wordpress\/wp-content\/uploads\/2015\/04\/hoher_trett_im_herbst_20120628_1821919677-150x150.jpg\" alt=\"Hoher Trett 15.10.2010\" width=\"150\" height=\"150\" \/><\/a><p id=\"caption-attachment-733\" class=\"wp-caption-text\"><span style=\"color: #6998e8; font-size: 1.2em;\">Hoher Trett<br \/>15.10.2010<\/span><\/p><\/div><\/p>\n","protected":false},"excerpt":{"rendered":"","protected":false},"author":1,"featured_media":1412,"parent":332,"menu_order":0,"comment_status":"open","ping_status":"open","template":"","meta":{"_themeisle_gutenberg_block_has_review":false,"two_page_speed":[],"footnotes":""},"class_list":["post-384","page","type-page","status-publish","has-post-thumbnail","hentry"],"jetpack_sharing_enabled":true,"jetpack_shortlink":"https:\/\/wp.me\/P63xGg-6c","jetpack-related-posts":[{"id":1351,"url":"https:\/\/www.pc-paiha.at\/wordpress\/home\/","url_meta":{"origin":384,"position":0},"title":"Home","author":"christian paiha","date":"16. M\u00e4rz 2016","format":false,"excerpt":"","rel":"","context":"\u00c4hnlicher Beitrag","block_context":{"text":"\u00c4hnlicher Beitrag","link":""},"img":{"alt_text":"","src":"","width":0,"height":0},"classes":[]}],"jetpack_likes_enabled":true,"_links":{"self":[{"href":"https:\/\/www.pc-paiha.at\/wordpress\/wp-json\/wp\/v2\/pages\/384","targetHints":{"allow":["GET"]}}],"collection":[{"href":"https:\/\/www.pc-paiha.at\/wordpress\/wp-json\/wp\/v2\/pages"}],"about":[{"href":"https:\/\/www.pc-paiha.at\/wordpress\/wp-json\/wp\/v2\/types\/page"}],"author":[{"embeddable":true,"href":"https:\/\/www.pc-paiha.at\/wordpress\/wp-json\/wp\/v2\/users\/1"}],"replies":[{"embeddable":true,"href":"https:\/\/www.pc-paiha.at\/wordpress\/wp-json\/wp\/v2\/comments?post=384"}],"version-history":[{"count":56,"href":"https:\/\/www.pc-paiha.at\/wordpress\/wp-json\/wp\/v2\/pages\/384\/revisions"}],"predecessor-version":[{"id":1463,"href":"https:\/\/www.pc-paiha.at\/wordpress\/wp-json\/wp\/v2\/pages\/384\/revisions\/1463"}],"up":[{"embeddable":true,"href":"https:\/\/www.pc-paiha.at\/wordpress\/wp-json\/wp\/v2\/pages\/332"}],"wp:featuredmedia":[{"embeddable":true,"href":"https:\/\/www.pc-paiha.at\/wordpress\/wp-json\/wp\/v2\/media\/1412"}],"wp:attachment":[{"href":"https:\/\/www.pc-paiha.at\/wordpress\/wp-json\/wp\/v2\/media?parent=384"}],"curies":[{"name":"wp","href":"https:\/\/api.w.org\/{rel}","templated":true}]}}